{"id":3619,"date":"2019-10-03T09:59:31","date_gmt":"2019-10-03T07:59:31","guid":{"rendered":"http:\/\/www.sp21sacz.edu.pl\/?page_id=3619"},"modified":"2022-10-20T14:19:17","modified_gmt":"2022-10-20T12:19:17","slug":"psycholog","status":"publish","type":"page","link":"https:\/\/www.sp21sacz.edu.pl\/index.php\/w-naszej-szkole\/psycholog\/","title":{"rendered":"Psycholog"},"content":{"rendered":"<p style=\"text-align: center;\"><strong>PSYCHOLOG W SZKOLE\u00a0<\/strong><\/p>\n<p style=\"text-align: center;\"><strong>Prac\u0119 psychologa w szkole okre\u015bla rozporz\u0105dzenie Ministra Edukacji Narodowej.<\/strong><\/p>\n<p style=\"text-align: center;\"><strong>Wed\u0142ug przepis\u00f3w korzystanie z pomocy psychologa w szkole jest<br \/>DOBROWOLNE i NIEODP\u0141ATNE !!!<\/strong><\/p>\n<p style=\"text-align: left;\"><strong>Pomoc psychologiczna udzielana jest z inicjatywy: <\/strong><\/p>\n<ul>\n<li>ucznia;<\/li>\n<li>rodzic\u00f3w;<\/li>\n<li>dyrektora przedszkola, szko\u0142y lub plac\u00f3wki;<\/li>\n<li>nauczyciela, wychowawcy grupy wychowawczej lub specjalisty, prowadz\u0105cych zaj\u0119cia z uczniem;<\/li>\n<li>piel\u0119gniarki \u015brodowiska nauczania i wychowania lub higienistki szkolnej;<\/li>\n<li>poradni;<\/li>\n<li>asystenta edukacji romskiej;<\/li>\n<li>pomocy nauczyciela;<\/li>\n<li>asystenta nauczyciela;<\/li>\n<li>pracownika socjalnego;<\/li>\n<li>asystenta rodziny;<\/li>\n<li>kuratora s\u0105dowego;<\/li>\n<li>organizacji pozarz\u0105dowej, innej instytucji lub podmiotu dzia\u0142aj\u0105cych na rzecz rodziny, dzieci i m\u0142odzie\u017cy.<\/li>\n<\/ul>\n<p><strong>Formy pomocy psychologicznej:<\/strong><\/p>\n<ul>\n<li>zaj\u0119cia rozwijaj\u0105ce uzdolnienia;<\/li>\n<li>zaj\u0119cia rozwijaj\u0105ce kompetencje emocjonalno-spo\u0142eczne;<\/li>\n<li>zaj\u0119cia o charakterze terapeutycznym;<\/li>\n<li>zaj\u0119cia rozwijaj\u0105ce umiej\u0119tno\u015b\u0107 uczenia si\u0119;<\/li>\n<li>bie\u017c\u0105ca praca z uczniem;<\/li>\n<li>parady, konsultacje, warsztaty, pedagogizacje.<\/li>\n<\/ul>\n<p><strong>Rozporz\u0105dzenie MEN okre\u015bla r\u00f3wnie\u017c zadania psychologa w szkole tj.: <\/strong><\/p>\n<ul>\n<li><strong>prowadzenie bada\u0144 i dzia\u0142a\u0144 diagnostycznych uczni\u00f3w<\/strong>, w tym diagnozowanie indywidualnych potrzeb rozwojowych i edukacyjnych oraz mo\u017cliwo\u015bci psychofizycznych uczni\u00f3w w celu okre\u015blenia mocnych stron, predyspozycji, zainteresowa\u0144 i uzdolnie\u0144 uczni\u00f3w oraz przyczyn niepowodze\u0144 edukacyjnych lub trudno\u015bci w funkcjonowaniu uczni\u00f3w, w tym barier i ogranicze\u0144 utrudniaj\u0105cych funkcjonowanie ucznia i jego uczestnictwo w \u017cyciu przedszkola, szko\u0142y i plac\u00f3wki;<\/li>\n<li><strong>diagnozowanie sytuacji wychowawczych<\/strong> w przedszkolu, szkole lub plac\u00f3wce w celu rozwi\u0105zywania problem\u00f3w wychowawczych stanowi\u0105cych barier\u0119 i ograniczaj\u0105cych aktywne i pe\u0142ne uczestnictwo ucznia w \u017cyciu przedszkola, szko\u0142y i plac\u00f3wki;<\/li>\n<li><strong>udzielanie uczniom pomocy psychologiczno-pedagogicznej <\/strong>w formach odpowiednich do rozpoznanych potrzeb;<\/li>\n<li>podejmowanie dzia\u0142a\u0144 z zakresu <strong>profilaktyki uzale\u017cnie\u0144<\/strong> i innych problem\u00f3w dzieci i m\u0142odzie\u017cy;<\/li>\n<li><strong>minimalizowanie skutk\u00f3w zaburze\u0144 rozwojowych<\/strong>, zapobieganie zaburzeniom zachowania oraz inicjowanie r\u00f3\u017cnych form pomocy w \u015brodowisku przedszkolnym, szkolnym i pozaszkolnym uczni\u00f3w;<\/li>\n<li><strong>inicjowanie i prowadzenie dzia\u0142a\u0144 mediacyjnych i interwencyjnych<\/strong> w sytuacjach kryzysowych;<\/li>\n<li><strong>pomoc rodzicom i nauczycielom<\/strong> w rozpoznawaniu i rozwijaniu indywidualnych mo\u017cliwo\u015bci, predyspozycji i uzdolnie\u0144 uczni\u00f3w;<\/li>\n<li>wspieranie nauczycieli, wychowawc\u00f3w grup wychowawczych i innych specjalist\u00f3w.<\/li>\n<\/ul>\n<p><em>Rozporz\u0105dzenie MEN z dnia 9 sierpnia 2017 r.<\/em><\/p>\n<hr \/>\n\n<div class=\"wp-block-image\">\n<figure class=\"aligncenter size-large\"><img data-recalc-dims=\"1\" loading=\"lazy\" decoding=\"async\" width=\"724\" height=\"1024\" src=\"https:\/\/i0.wp.com\/www.sp21sacz.edu.pl\/wp-content\/uploads\/2020\/03\/Telefony-zaufania.jpg?resize=724%2C1024\" alt=\"\" class=\"wp-image-7419\" srcset=\"https:\/\/i0.wp.com\/www.sp21sacz.edu.pl\/wp-content\/uploads\/2020\/03\/Telefony-zaufania.jpg?resize=724%2C1024&amp;ssl=1 724w, https:\/\/i0.wp.com\/www.sp21sacz.edu.pl\/wp-content\/uploads\/2020\/03\/Telefony-zaufania.jpg?resize=212%2C300&amp;ssl=1 212w, https:\/\/i0.wp.com\/www.sp21sacz.edu.pl\/wp-content\/uploads\/2020\/03\/Telefony-zaufania.jpg?resize=100%2C141&amp;ssl=1 100w, https:\/\/i0.wp.com\/www.sp21sacz.edu.pl\/wp-content\/uploads\/2020\/03\/Telefony-zaufania.jpg?resize=1086%2C1536&amp;ssl=1 1086w, https:\/\/i0.wp.com\/www.sp21sacz.edu.pl\/wp-content\/uploads\/2020\/03\/Telefony-zaufania.jpg?w=1448&amp;ssl=1 1448w\" sizes=\"auto, (max-width: 724px) 100vw, 724px\" \/><\/figure>\n<\/div>\n\n\n<p><\/p>\n","protected":false},"excerpt":{"rendered":"<p>PSYCHOLOG W SZKOLE\u00a0 Prac\u0119 psychologa w szkole okre\u015bla rozporz\u0105dzenie Ministra Edukacji Narodowej. Wed\u0142ug przepis\u00f3w korzystanie z pomocy psychologa w szkole jestDOBROWOLNE i NIEODP\u0141ATNE !!! Pomoc psychologiczna udzielana jest z inicjatywy: ucznia; rodzic\u00f3w; dyrektora przedszkola, szko\u0142y lub plac\u00f3wki; nauczyciela, wychowawcy grupy wychowawczej lub specjalisty, prowadz\u0105cych zaj\u0119cia z uczniem; piel\u0119gniarki \u015brodowiska nauczania i wychowania lub higienistki szkolnej; poradni; asystenta edukacji romskiej; pomocy<\/p>\n","protected":false},"author":1,"featured_media":0,"parent":3534,"menu_order":0,"comment_status":"closed","ping_status":"closed","template":"","meta":{"footnotes":""},"class_list":["post-3619","page","type-page","status-publish","hentry"],"jetpack_sharing_enabled":true,"_links":{"self":[{"href":"https:\/\/www.sp21sacz.edu.pl\/index.php\/wp-json\/wp\/v2\/pages\/3619","targetHints":{"allow":["GET"]}}],"collection":[{"href":"https:\/\/www.sp21sacz.edu.pl\/index.php\/wp-json\/wp\/v2\/pages"}],"about":[{"href":"https:\/\/www.sp21sacz.edu.pl\/index.php\/wp-json\/wp\/v2\/types\/page"}],"author":[{"embeddable":true,"href":"https:\/\/www.sp21sacz.edu.pl\/index.php\/wp-json\/wp\/v2\/users\/1"}],"replies":[{"embeddable":true,"href":"https:\/\/www.sp21sacz.edu.pl\/index.php\/wp-json\/wp\/v2\/comments?post=3619"}],"version-history":[{"count":10,"href":"https:\/\/www.sp21sacz.edu.pl\/index.php\/wp-json\/wp\/v2\/pages\/3619\/revisions"}],"predecessor-version":[{"id":22699,"href":"https:\/\/www.sp21sacz.edu.pl\/index.php\/wp-json\/wp\/v2\/pages\/3619\/revisions\/22699"}],"up":[{"embeddable":true,"href":"https:\/\/www.sp21sacz.edu.pl\/index.php\/wp-json\/wp\/v2\/pages\/3534"}],"wp:attachment":[{"href":"https:\/\/www.sp21sacz.edu.pl\/index.php\/wp-json\/wp\/v2\/media?parent=3619"}],"curies":[{"name":"wp","href":"https:\/\/api.w.org\/{rel}","templated":true}]}}