{"id":33018,"date":"2026-03-13T10:08:55","date_gmt":"2026-03-13T09:08:55","guid":{"rendered":"https:\/\/www.sp21sacz.edu.pl\/?page_id=33018"},"modified":"2026-03-13T10:42:14","modified_gmt":"2026-03-13T09:42:14","slug":"deklaracja-dostepnosci","status":"publish","type":"page","link":"https:\/\/www.sp21sacz.edu.pl\/index.php\/deklaracja-dostepnosci\/","title":{"rendered":"Deklaracja dost\u0119pno\u015bci"},"content":{"rendered":"\n<p style=\"text-align: center;\">\u00a0<\/p>\n<p style=\"text-align: center;\"><strong>Deklaracja dost\u0119pno\u015bci<\/strong><\/p>\n<p style=\"text-align: center;\"><strong>Zespo\u0142u Szkolno-Przedszkolnego nr 3 w Nowym S\u0105czu<\/strong><\/p>\n<p>\u00a0<\/p>\n<p><strong>Dost\u0119pno\u015b\u0107 elektroniczna<\/strong><\/p>\n<p>Zesp\u00f3\u0142 Szkolno Przedszkolny nr 3 zobowi\u0105zuje si\u0119 zapewni\u0107 dost\u0119pno\u015b\u0107 swojej strony internetowej zgodnie z przepisami ustawy z dnia 4 kwietnia 2019 r. o dost\u0119pno\u015bci cyfrowej stron internetowych i aplikacji mobilnych podmiot\u00f3w publicznych.<\/p>\n<p>\u00a0<\/p>\n<p><strong>O\u015bwiadczenie w sprawie dost\u0119pno\u015bci ma zastosowanie do strony internetowej Zespo\u0142u Szkolno Przedszkolnego pod adresem www.sp21sacz.edu.pl<\/strong><\/p>\n<p>Strona internetowa jest cz\u0119\u015bciowo zgodna z ustaw\u0105 o dost\u0119pno\u015bci cyfrowej stron internetowych i aplikacji mobilnych podmiot\u00f3w publicznych.<\/p>\n<p>\u00a0<\/p>\n<ol>\n<li><strong> Informacje zwrotne i dane kontaktowe <\/strong><\/li>\n<\/ol>\n<p>\u00a0<\/p>\n<p>Za rozpatrywanie uwag i wniosk\u00f3w o dost\u0119pno\u015bci elektronicznej odpowiada: Anna Kmiecik<\/p>\n<p>E-mail: annakmiecikart@gmail.com<\/p>\n<p>Telefon: (18) 442\u00a064\u00a040 &#8211; biblioteka<\/p>\n<p>\u00a0<\/p>\n<ol start=\"2\">\n<li><strong> Ka\u017cdy ma prawo: <\/strong><\/li>\n<\/ol>\n<p>&#8211; zg\u0142osi\u0107 uwagi dotycz\u0105ce dost\u0119pno\u015bci cyfrowej strony lub jej elementu,<\/p>\n<p>&#8211; zg\u0142osi\u0107 \u017c\u0105danie zapewnienia dost\u0119pno\u015bci cyfrowej strony lub jej elementu,<\/p>\n<p>&#8211; wnioskowa\u0107 o udost\u0119pnienie niedost\u0119pnej informacji w innej alternatywnej formie.<\/p>\n<p>\u00a0<\/p>\n<p>\u017b\u0105danie musi zawiera\u0107:<\/p>\n<p>&#8211; dane kontaktowe osoby zg\u0142aszaj\u0105cej,<\/p>\n<p>&#8211; wskazanie strony lub elementu strony, kt\u00f3rej dotyczy \u017c\u0105danie,<\/p>\n<p>&#8211; wskazanie dogodnej formy udost\u0119pnienia informacji, je\u015bli \u017c\u0105danie dotyczy udost\u0119pnienia w formie alternatywnej informacji niedost\u0119pnej.<\/p>\n<p>\u00a0<\/p>\n<p>Rozpatrzenie zg\u0142oszenia powinno nast\u0105pi\u0107 niezw\u0142ocznie, najp\u00f3\u017aniej w ci\u0105gu 7 dni. Je\u015bli w tym terminie zapewnienie dost\u0119pno\u015bci albo zapewnienie dost\u0119pu w alternatywnej formie nie jest mo\u017cliwe, powinno nast\u0105pi\u0107 najdalej w ci\u0105gu 2 miesi\u0119cy od daty zg\u0142oszenia.<\/p>\n<p>\u00a0<\/p>\n<ol start=\"3\">\n<li><strong> Skargi i odwo\u0142ania <\/strong><\/li>\n<\/ol>\n<p>Na niedotrzymanie tych termin\u00f3w oraz na odmow\u0119 realizacji \u017c\u0105dania mo\u017cna z\u0142o\u017cy\u0107 skarg\u0119 do organu nadzoruj\u0105cego poczt\u0105 lub drog\u0105 elektroniczn\u0105 na adres:<\/p>\n<p>\u00a0<\/p>\n<p>Dyrektor Zespo\u0142u Szkolno-Przedszkolnego nr 3<\/p>\n<p>Adres: ul. Rokitnia\u0144czyk\u00f3w 26<\/p>\n<p>33-300 Nowy S\u0105cz<\/p>\n<p>E-mail: sp21@edu.nowysacz.pl<\/p>\n<p>Telefon: (18) 442\u00a064\u00a040<\/p>\n<p><strong>Dost\u0119pno\u015b\u0107 architektoniczna<\/strong><\/p>\n<p><strong>Dane adresowe <\/strong><\/p>\n<p>Zesp\u00f3\u0142 Szkolno-Przedszkolny nr 3<\/p>\n<p>&#8211; Szko\u0142a Podstawowa nr 21 z Oddzia\u0142ami Integracyjnymi im. \u015awi\u0119tego Jana Paw\u0142a II<\/p>\n<p>&#8211; Miejskie Przedszkole nr 6 z Oddzia\u0142ami Integracyjnymi<\/p>\n<ol>\n<li>Rokitnia\u0144czyk\u00f3w 26, 33-300 Nowy S\u0105cz<\/li>\n<\/ol>\n<p>tel. \u00a0(18) 442\u00a064\u00a040, (18) 442\u00a067\u00a010<\/p>\n<p>\u00a0<\/p>\n<ol>\n<li><strong> Opis dost\u0119pno\u015bci wej\u015bcia do budynku i przechodzenia przez obszary kontroli. <\/strong><\/li>\n<\/ol>\n<p>\u00a0<\/p>\n<p>Do budynku szko\u0142y prowadz\u0105 trzy g\u0142\u00f3wne wej\u015bcia od bramy plac\u00f3wki. Do bramy prowadzi chodnik, a tak\u017ce podjazd\u00a0 z por\u0119cz\u0105 dla os\u00f3b niepe\u0142nosprawnych (od strony przedszkola) Pierwsze wej\u015bcie do plac\u00f3wki, dost\u0119pne dla uczni\u00f3w, ich rodzic\u00f3w oraz wszystkich pracownik\u00f3w szko\u0142y i interesant\u00f3w, usytuowane jest naprzeciw osiedla. Jest ono zadaszone i p\u0142askie. Drugie i trzecie wej\u015bcie do plac\u00f3wki, przeznaczone g\u0142\u00f3wnie dla przedszkolak\u00f3w i ich rodzic\u00f3w, r\u00f3wnie\u017c znajduje si\u0119 od strony osiedla, na lewo od\u00a0 wej\u015bcia g\u0142\u00f3wnego. Prowadzi do niego p\u0142aski chodnik. Plac\u00f3wka posiada tak\u017ce odpowiednio oznakowane dodatkowe wyj\u015bcia. W godzinach pracy szko\u0142y przy wej\u015bciach nr 1 i nr 2 dy\u017curuj\u0105 pracownicy obs\u0142ugi, kt\u00f3rzy monitoruj\u0105 ruch os\u00f3b wchodz\u0105cych i wychodz\u0105cych ze szko\u0142y.<\/p>\n<p>\u00a0<\/p>\n<ol start=\"2\">\n<li><strong> Opis dost\u0119pno\u015bci korytarzy, schod\u00f3w i wind. <\/strong><\/li>\n<\/ol>\n<p>\u00a0<\/p>\n<p>Budynek szko\u0142y sk\u0142ada si\u0119 z dw\u00f3ch kondygnacji. Oddzia\u0142y przedszkolne mieszcz\u0105 si\u0119 w cz\u0119\u015bci jednokondygnacyjnej, w kt\u00f3rej nie wyst\u0119puj\u0105 schody. Sale klas 1 \u2013 8 usytuowane s\u0105 w drugiej cz\u0119\u015bci budynku na dw\u00f3ch pi\u0119trach, na kt\u00f3re prowadz\u0105 schody zaopatrzone w por\u0119cze. Korytarze szkolne s\u0105 przestronne, co sprzyja \u0142atwej komunikacji po budynku. Na ka\u017cdej kondygnacji znajduj\u0105 si\u0119 toalety dla ch\u0142opc\u00f3w i dziewcz\u0105t. Klasy integracyjne ucz\u0105 si\u0119 w salach na parterze i pierwszym pi\u0119trze szko\u0142y, dzi\u0119ki czemu uczniowie maj\u0105 dost\u0119p do wszystkich niezb\u0119dnych pomieszcze\u0144 (sto\u0142\u00f3wka, toalety, sklepik, piel\u0119gniarka szkolna, biblioteka, \u015bwietlica, sekretariat). Plac\u00f3wka posiada wind\u0119 mi\u0119dzy parterem, a pierwszym pi\u0119trem, dlatego poruszanie si\u0119 na w\u00f3zku inwalidzkim jest w tym obr\u0119bie mo\u017cliwe. Szko\u0142a zapewnia r\u00f3wnie\u017c na pi\u0119trze oddzieln\u0105 toalet\u0119 dla os\u00f3b niepe\u0142nosprawnych, kt\u00f3re wymagaj\u0105 pomocy ze strony opiekuna.<\/p>\n<p>\u00a0<\/p>\n<p>W budynku plac\u00f3wki na parterze znajduj\u0105 si\u0119 szatnie, ponadto dzieci klas starszych maj\u0105 dost\u0119p do szafek zamykanych na kluczyk, Osobne szatnie dla dziewcz\u0105t i ch\u0142opc\u00f3w znajduj\u0105 si\u0119 przy sali gimnastycznej. W szkole zainstalowany jest monitoring obejmuj\u0105cy plac przed budynkiem, wej\u015bcie g\u0142\u00f3wne oraz korytarze przy salach lekcyjnych.<\/p>\n<p>\u00a0<\/p>\n<ol start=\"3\">\n<li><strong> Opis dostosowa\u0144, na przyk\u0142ad pochylni, platform, informacji g\u0142osowych, p\u0119tlach indukcyjnych. <\/strong><\/li>\n<\/ol>\n<p>\u00a0<\/p>\n<p>Szko\u0142a jest dostosowana do potrzeb os\u00f3b niepe\u0142nosprawnych: g\u0142\u00f3wna brama do szko\u0142y zaopatrzona jest w por\u0119cze i podjazdy dla w\u00f3zk\u00f3w inwalidzkich, posiadamy te\u017c wind\u0119 mi\u0119dzy parterem, a pi\u0119trem.<\/p>\n<p>\u00a0<\/p>\n<p>W budynku nie ma p\u0119tli indukcyjnych oraz informacji g\u0142osowych, brak r\u00f3wnie\u017c oznacze\u0144 w alfabecie brajla, oznacze\u0144 kontrastowych lub w druku powi\u0119kszonym dla os\u00f3b niewidomych i s\u0142abowidz\u0105cych.<\/p>\n<p>\u00a0<\/p>\n<p><strong>\u00a0<\/strong><\/p>\n<ol start=\"4\">\n<li><strong> Informacje o miejscu i sposobie korzystania z miejsc parkingowych wyznaczonych dla os\u00f3b niepe\u0142nosprawnych. <\/strong><\/li>\n<\/ol>\n<p>\u00a0<\/p>\n<p>Szko\u0142a nie dysponuje swoim parkingiem. Rodzice dowo\u017c\u0105cy uczni\u00f3w korzystaj\u0105 z miejsc parkingowych przy szkole b\u0119d\u0105cych w zarz\u0105dzie Osiedla. Przy bramie wjazdowej na teren szko\u0142y znajduje si\u0119 oznakowane miejsce dla niepe\u0142nosprawnych<\/p>\n<p>\u00a0<\/p>\n<ol start=\"5\">\n<li><strong> Informacja o prawie wst\u0119pu z psem asystuj\u0105cym i ewentualnych uzasadnionych ograniczeniach. <\/strong><\/li>\n<\/ol>\n<p>\u00a0<\/p>\n<p>Do szko\u0142y mo\u017ce wej\u015b\u0107 osoba z psem asystuj\u0105cym i psem przewodnikiem.<\/p>\n<p>\u00a0<\/p>\n<ol start=\"6\">\n<li><strong> Informacja o mo\u017cliwo\u015bci skorzystania z t\u0142umacza j\u0119zyka migowego na miejscu lub online. W przypadku braku takiej mo\u017cliwo\u015bci, tak\u0105 informacj\u0105 nale\u017cy zawrze\u0107. <\/strong><\/li>\n<\/ol>\n<p>\u00a0<\/p>\n<p>Na terenie szko\u0142y nie ma mo\u017cliwo\u015bci skorzystania z t\u0142umacza j\u0119zyka migowego.<\/p>\n\n\n\n\n\n<div class=\"wp-block-file\"><a id=\"wp-block-file--media-062a06e8-76ea-4d72-8558-99fc1ebed095\" href=\"https:\/\/www.sp21sacz.edu.pl\/wp-content\/uploads\/2026\/03\/Deklaracja-dostepnosci.doc\">Deklaracja-dostepnosci<\/a><a href=\"https:\/\/www.sp21sacz.edu.pl\/wp-content\/uploads\/2026\/03\/Deklaracja-dostepnosci.doc\" class=\"wp-block-file__button wp-element-button\" download aria-describedby=\"wp-block-file--media-062a06e8-76ea-4d72-8558-99fc1ebed095\">Pobierz<\/a><\/div>\n","protected":false},"excerpt":{"rendered":"<p>\u00a0 Deklaracja dost\u0119pno\u015bci Zespo\u0142u Szkolno-Przedszkolnego nr 3 w Nowym S\u0105czu \u00a0 Dost\u0119pno\u015b\u0107 elektroniczna Zesp\u00f3\u0142 Szkolno Przedszkolny nr 3 zobowi\u0105zuje si\u0119 zapewni\u0107 dost\u0119pno\u015b\u0107 swojej strony internetowej zgodnie z przepisami ustawy z dnia 4 kwietnia 2019 r. o dost\u0119pno\u015bci cyfrowej stron internetowych i aplikacji mobilnych podmiot\u00f3w publicznych. \u00a0 O\u015bwiadczenie w sprawie dost\u0119pno\u015bci ma zastosowanie do strony internetowej Zespo\u0142u Szkolno Przedszkolnego pod adresem<\/p>\n","protected":false},"author":1,"featured_media":0,"parent":0,"menu_order":0,"comment_status":"closed","ping_status":"closed","template":"","meta":{"footnotes":""},"class_list":["post-33018","page","type-page","status-publish","hentry"],"jetpack_sharing_enabled":true,"_links":{"self":[{"href":"https:\/\/www.sp21sacz.edu.pl\/index.php\/wp-json\/wp\/v2\/pages\/33018","targetHints":{"allow":["GET"]}}],"collection":[{"href":"https:\/\/www.sp21sacz.edu.pl\/index.php\/wp-json\/wp\/v2\/pages"}],"about":[{"href":"https:\/\/www.sp21sacz.edu.pl\/index.php\/wp-json\/wp\/v2\/types\/page"}],"author":[{"embeddable":true,"href":"https:\/\/www.sp21sacz.edu.pl\/index.php\/wp-json\/wp\/v2\/users\/1"}],"replies":[{"embeddable":true,"href":"https:\/\/www.sp21sacz.edu.pl\/index.php\/wp-json\/wp\/v2\/comments?post=33018"}],"version-history":[{"count":3,"href":"https:\/\/www.sp21sacz.edu.pl\/index.php\/wp-json\/wp\/v2\/pages\/33018\/revisions"}],"predecessor-version":[{"id":33023,"href":"https:\/\/www.sp21sacz.edu.pl\/index.php\/wp-json\/wp\/v2\/pages\/33018\/revisions\/33023"}],"wp:attachment":[{"href":"https:\/\/www.sp21sacz.edu.pl\/index.php\/wp-json\/wp\/v2\/media?parent=33018"}],"curies":[{"name":"wp","href":"https:\/\/api.w.org\/{rel}","templated":true}]}}