{"id":73,"date":"2018-09-11T21:28:14","date_gmt":"2018-09-11T19:28:14","guid":{"rendered":"http:\/\/serwer1632416.home.pl\/autoinstalator\/wordpress3\/?page_id=73"},"modified":"2026-03-02T12:36:04","modified_gmt":"2026-03-02T11:36:04","slug":"dyrekcja","status":"publish","type":"page","link":"http:\/\/www.sp21sacz.edu.pl\/index.php\/dyrekcja\/","title":{"rendered":"Kadra pedagogiczna"},"content":{"rendered":"\n<p style=\"text-align: center;\"><strong>DYREKTOR<\/strong><\/p>\n<p style=\"text-align: center;\">Mac Beata \u2013 Historia, Edukacja zdrowotna<\/p>\n<p style=\"text-align: center;\"><strong>WICEDYREKTORZY<\/strong><\/p>\n<p style=\"text-align: center;\">Pasek-Bienias Ma\u0142gorzata \u2013 Informatyka<\/p>\n<p style=\"text-align: center;\">Opa\u0142ek Anna &#8211; Edukacja wczesnoszkolna<\/p>\n<p style=\"text-align: center;\">Serkowski Dariusz \u2013 Zaj\u0119cia korekcyjno-kompensacyjne<\/p>\n<p style=\"text-align: center;\"><strong>PEDAGOG SZKOLNY<\/strong><\/p>\n<p style=\"text-align: center;\">Soko\u0142owska Agnieszka<\/p>\n<p style=\"text-align: center;\"><strong>PSYCHOLOG SZKOLNY<\/strong><\/p>\n<p style=\"text-align: center;\">Paso\u0144-Francuz Marta<\/p>\n<p style=\"text-align: center;\"><strong>PEDAGOG SPECJALNY<\/strong><\/p>\n<p style=\"text-align: center;\">Renata Wi\u015bmierska<\/p>\n<p style=\"text-align: center;\">\u00a0<\/p>\n<p style=\"text-align: center;\"><strong>\u015aWIETLICA<\/strong><\/p>\n<p style=\"text-align: center;\">Dominik Jolanta<\/p>\n<p style=\"text-align: center;\">Jesi\u0105ka Ma\u0142gorzata<\/p>\n<p style=\"text-align: center;\">Kizem-Nowakowska Gracjana<\/p>\n<p style=\"text-align: center;\">Laszewicz Magdalena<\/p>\n<p style=\"text-align: center;\">Michalik-Bober Edyta<\/p>\n<p style=\"text-align: center;\">Sad\u0142o\u0144 Ewa<\/p>\n<p style=\"text-align: center;\">\u00a0<\/p>\n<p style=\"text-align: center;\"><strong>BIBLIOTEKA<\/strong><\/p>\n<p style=\"text-align: center;\">Anna Kmiecik<\/p>\n<p style=\"text-align: center;\">\u00a0<\/p>\n<p style=\"text-align: center;\"><strong>NAUCZYCIELE \u2013 WYCHOWANIE PRZEDSZKOLNE<\/strong><br \/><br \/>Filip Agata<br \/>Gancarczyk Ma\u0142gorzata<br \/>Glapiak Maria<\/p>\n<p style=\"text-align: center;\">Grucela Dominika<br \/>Kulig Beata<br \/>Kotlarz Katarzyna<\/p>\n<p style=\"text-align: center;\">Lupa Kamila<br \/>Michalik Aneta<\/p>\n<p style=\"text-align: center;\">Tobiasz Aleksandra<\/p>\n<p style=\"text-align: center;\">Wysocka Beata<\/p>\n<p style=\"text-align: center;\"><strong>\u00a0<\/strong><\/p>\n<p style=\"text-align: center;\"><strong>NAUCZYCIELE WSPIERJ\u0104CY PROCES EDUKACYJNY W\u00a0PRZEDSZKOLU<\/strong><\/p>\n<p style=\"text-align: center;\">\u00a0<\/p>\n<p style=\"text-align: center;\">Sowa Dorota<\/p>\n<p style=\"text-align: center;\">Pyszy\u0144ska Ma\u0142gorzata<\/p>\n<p style=\"text-align: center;\">\u00a0<\/p>\n<p style=\"text-align: center;\">\u00a0\u00a0<\/p>\n<p style=\"text-align: center;\"><strong>\u00a0<\/strong><\/p>\n<p style=\"text-align: center;\"><strong>NAUCZYCIELE SZKO\u0141Y PODSTAWOWEJ<\/strong><\/p>\n<p style=\"text-align: center;\">\u00a0<\/p>\n<table class=\" aligncenter\" width=\"809\">\n<tbody>\n<tr>\n<td width=\"43\">\n<p>\u00a0<\/p>\n<\/td>\n<td colspan=\"2\" width=\"262\">\n<p><strong>Nazwisko i\u00a0imi\u0119<\/strong><\/p>\n<\/td>\n<td width=\"504\">\n<p><strong>Przedmiot<\/strong><\/p>\n<p><strong>\u00a0<\/strong><\/p>\n<\/td>\n<\/tr>\n<tr>\n<td colspan=\"2\" width=\"304\">\n<p>Adamczyk Klaudia<\/p>\n<\/td>\n<td colspan=\"2\" width=\"505\">\n<p>Matematyka,\u00a0<\/p>\n<\/td>\n<\/tr>\n<tr>\n<td colspan=\"2\" width=\"304\">\n<p>Argasi\u0144ska Anita<\/p>\n<\/td>\n<td colspan=\"2\" width=\"505\">\n<p>J\u0119zyk polski<\/p>\n<\/td>\n<\/tr>\n<tr>\n<td colspan=\"2\" width=\"304\">\n<p>Bodziony Dorota<\/p>\n<\/td>\n<td colspan=\"2\" width=\"505\">\n<p>Wiedza o\u00a0spo\u0142ecze\u0144stwie, edukacja dla bezpiecze\u0144stwa, rewalidacja indywidualna<\/p>\n<\/td>\n<\/tr>\n<tr>\n<td colspan=\"2\" width=\"304\">\n<p>Bo\u0142oz Ewa<\/p>\n<\/td>\n<td colspan=\"2\" width=\"505\">\n<p>Edukacja wczesnoszkolna<\/p>\n<\/td>\n<\/tr>\n<tr>\n<td colspan=\"2\" width=\"304\">\n<p>Brotoj Magdalena<\/p>\n<\/td>\n<td colspan=\"2\" width=\"505\">\n<p>Chemia, przyroda<\/p>\n<\/td>\n<\/tr>\n<tr>\n<td colspan=\"2\" width=\"304\">\n<p>Brudzi\u0144ska Magdalena<\/p>\n<\/td>\n<td colspan=\"2\" width=\"505\">\n<p>Nauczyciel wspieraj\u0105cy proces edukacyjny<\/p>\n<\/td>\n<\/tr>\n<tr>\n<td colspan=\"2\" width=\"304\">\n<p>Brzezowska Karolina<\/p>\n<\/td>\n<td colspan=\"2\" width=\"505\">\n<p>J\u0119zyk angielski<\/p>\n<\/td>\n<\/tr>\n<tr>\n<td colspan=\"2\" width=\"304\">\n<p>Bujok Karolina<\/p>\n<\/td>\n<td colspan=\"2\" width=\"505\">\n<p>Nauczyciel wspieraj\u0105cy proces edukacyjny<\/p>\n<\/td>\n<\/tr>\n<tr>\n<td colspan=\"2\" width=\"304\">\n<p>Caba\u0142a Mariusz<\/p>\n<\/td>\n<td colspan=\"2\" width=\"505\">\n<p>Matematyka<\/p>\n<\/td>\n<\/tr>\n<tr>\n<td colspan=\"2\" width=\"304\">\n<p>Chmielowska Patrycja<\/p>\n<\/td>\n<td colspan=\"2\" width=\"505\">\n<p>Edukacja wczesnoszkolna<\/p>\n<\/td>\n<\/tr>\n<tr>\n<td colspan=\"2\" width=\"304\">\n<p>Cisowska Iwona<\/p>\n<\/td>\n<td colspan=\"2\" width=\"505\">\n<p>Edukacja wczesnoszkolna<\/p>\n<\/td>\n<\/tr>\n<tr>\n<td colspan=\"2\" width=\"304\">\n<p>Cyba Dominika<\/p>\n<\/td>\n<td colspan=\"2\" width=\"505\">\n<p>Nauczyciel wspieraj\u0105cy proces edukacyjny<\/p>\n<\/td>\n<\/tr>\n<tr>\n<td colspan=\"2\" width=\"304\">\n<p>\u00a0<\/p>\n<p>Damian Dorota<\/p>\n<\/td>\n<td colspan=\"2\" width=\"505\">\n<p>Historia, wiedza\u00a0o\u00a0spo\u0142ecze\u0144stwie<\/p>\n<\/td>\n<\/tr>\n<tr>\n<td colspan=\"2\" width=\"304\">\n<p>Dobosz Katarzyna<\/p>\n<\/td>\n<td colspan=\"2\" width=\"505\">\n<p>Matematyka<\/p>\n<\/td>\n<\/tr>\n<tr>\n<td colspan=\"2\" width=\"304\">\n<p>Dominik Jolanta<\/p>\n<\/td>\n<td colspan=\"2\" width=\"505\">\n<p>J\u0119zyk angielski<\/p>\n<\/td>\n<\/tr>\n<tr>\n<td colspan=\"2\" width=\"304\">\n<p>Furtak Dariusz<\/p>\n<\/td>\n<td colspan=\"2\" width=\"505\">\n<p>J\u0119zyk angielski<\/p>\n<\/td>\n<\/tr>\n<tr>\n<td colspan=\"2\" width=\"304\">\n<p>Gawlikowska Urszula<\/p>\n<\/td>\n<td colspan=\"2\" width=\"505\">\n<p>Wychowanie fizyczne<\/p>\n<\/td>\n<\/tr>\n<tr>\n<td colspan=\"2\" width=\"304\">\n<p>Go\u0142\u0105b El\u017cbieta<\/p>\n<\/td>\n<td colspan=\"2\" width=\"505\">\n<p>J\u0119zyk polski, Historia<\/p>\n<\/td>\n<\/tr>\n<tr>\n<td colspan=\"2\" width=\"304\">\n<p>Go\u0142\u0105b Sylwia<\/p>\n<\/td>\n<td colspan=\"2\" width=\"505\">\n<p>J\u0119zyk polski<\/p>\n<\/td>\n<\/tr>\n<tr>\n<td colspan=\"2\" width=\"304\">\n<p>Gromada Monika<\/p>\n<\/td>\n<td colspan=\"2\" width=\"505\">\n<p>Edukacja wczesnoszkolna<\/p>\n<\/td>\n<\/tr>\n<tr>\n<td colspan=\"2\" width=\"304\">\n<p>Gorczowska Paulina<\/p>\n<\/td>\n<td colspan=\"2\" width=\"505\">\n<p>Geografia<\/p>\n<\/td>\n<\/tr>\n<tr>\n<td colspan=\"2\" width=\"304\">\n<p>Janik Ma\u0142gorzata<\/p>\n<\/td>\n<td colspan=\"2\" width=\"505\">\n<p>Nauczyciel wspieraj\u0105cy proces edukacyjny,<\/p>\n<p>rewalidacja indywidualna<\/p>\n<\/td>\n<\/tr>\n<tr>\n<td colspan=\"2\" width=\"304\">\n<p>Janisz Piotr<\/p>\n<\/td>\n<td colspan=\"2\" width=\"505\">\n<p>Wychowanie fizyczne<\/p>\n<\/td>\n<\/tr>\n<tr>\n<td colspan=\"2\" width=\"304\">\n<p>Jawor Maciej<\/p>\n<\/td>\n<td colspan=\"2\" width=\"505\">\n<p>Wychowanie fizyczne<\/p>\n<\/td>\n<\/tr>\n<tr>\n<td colspan=\"2\" width=\"304\">\n<p>Jesi\u0105ka Ma\u0142gorzata<\/p>\n<\/td>\n<td colspan=\"2\" width=\"505\">\n<p>Nauczyciel wspieraj\u0105cy proces edukacyjny,<\/p>\n<p>rewalidacja indywidualna<\/p>\n<\/td>\n<\/tr>\n<tr>\n<td colspan=\"2\" width=\"304\">\n<p>Kizem-Nowakowska Gracjana<\/p>\n<\/td>\n<td colspan=\"2\" width=\"505\">\n<p>Nauczyciel wspieraj\u0105cy proces edukacyjny,<\/p>\n<p>rewalidacja indywidualna<\/p>\n<\/td>\n<\/tr>\n<tr>\n<td colspan=\"2\" width=\"304\">\n<p>Klimek Bo\u017cena<\/p>\n<\/td>\n<td colspan=\"2\" width=\"505\">\n<p>Edukacja wczesnoszkolna<\/p>\n<\/td>\n<\/tr>\n<tr>\n<td colspan=\"2\" width=\"304\">\n<p>Klimek Klaudia<\/p>\n<\/td>\n<td colspan=\"2\" width=\"505\">\n<p>Biologia, przyroda<\/p>\n<\/td>\n<\/tr>\n<tr>\n<td colspan=\"2\" width=\"304\">\n<p>Kli\u015b Renata<\/p>\n<\/td>\n<td colspan=\"2\" width=\"505\">\n<p>Edukacja wczesnoszkolna<\/p>\n<\/td>\n<\/tr>\n<tr>\n<td colspan=\"2\" width=\"304\">\n<p>Ko\u015bcisz Katarzyna<\/p>\n<\/td>\n<td colspan=\"2\" width=\"505\">\n<p>Nauczyciel wspieraj\u0105cy proces edukacyjny<\/p>\n<\/td>\n<\/tr>\n<tr>\n<td colspan=\"2\" width=\"304\">\n<p>Ko\u017cuch Dorota<\/p>\n<\/td>\n<td colspan=\"2\" width=\"505\">\n<p>Edukacja wczesnoszkolna\u00a0<\/p>\n<\/td>\n<\/tr>\n<tr>\n<td colspan=\"2\" width=\"304\">\n<p>Krzemie\u0144 Agnieszka<\/p>\n<\/td>\n<td colspan=\"2\" width=\"505\">\n<p>J\u0119zyk polski<\/p>\n<\/td>\n<\/tr>\n<tr>\n<td colspan=\"2\" width=\"304\">\n<p>Kuchnia Anna<\/p>\n<\/td>\n<td colspan=\"2\" width=\"505\">\n<p>Edukacja wczesnoszkolna<\/p>\n<\/td>\n<\/tr>\n<tr>\n<td colspan=\"2\" width=\"304\">\n<p>Kulig Tomasz<\/p>\n<\/td>\n<td colspan=\"2\" width=\"505\">\n<p>Matematyka<\/p>\n<\/td>\n<\/tr>\n<tr>\n<td colspan=\"2\" width=\"304\">\n<p>Kut Ewa<\/p>\n<\/td>\n<td colspan=\"2\" width=\"505\">\n<p>Nauczyciel wspieraj\u0105cy proces edukacyjny<\/p>\n<\/td>\n<\/tr>\n<tr>\n<td colspan=\"2\" width=\"304\">\n<p>Lipi\u0144ska Patrycja<\/p>\n<\/td>\n<td colspan=\"2\" width=\"505\">\n<p>Edukacja wczesnoszkolna, rewalidacja indywidualna<\/p>\n<\/td>\n<\/tr>\n<tr>\n<td colspan=\"2\" width=\"304\">\n<p>Madziar-Lorek Barbara<\/p>\n<\/td>\n<td colspan=\"2\" width=\"505\">\n<p>Nauczyciel wspieraj\u0105cy proces edukacyjny<\/p>\n<\/td>\n<\/tr>\n<tr>\n<td colspan=\"2\" width=\"304\">\n<p>Majewska Joanna<\/p>\n<\/td>\n<td colspan=\"2\" width=\"505\">\n<p>Muzyka<\/p>\n<\/td>\n<\/tr>\n<tr>\n<td colspan=\"2\" width=\"304\">\n<p>Makulak Dorota<\/p>\n<\/td>\n<td colspan=\"2\" width=\"505\">\n<p>Rewalidacja indywidualna, doradztwo zawodowe,<\/p>\n<p>nauczyciel wspieraj\u0105cy proces edukacyjny<\/p>\n<\/td>\n<\/tr>\n<tr>\n<td colspan=\"2\" width=\"304\">\n<p>Merklinger\u00a0Kinga<\/p>\n<\/td>\n<td colspan=\"2\" width=\"505\">\n<p>J\u0119zyk angielski<\/p>\n<\/td>\n<\/tr>\n<tr>\n<td colspan=\"2\" width=\"304\">\n<p>M\u0119\u017cyk-St\u0119pie\u0144 Danuta<\/p>\n<\/td>\n<td colspan=\"2\" width=\"505\">\n<p>Technika<\/p>\n<p>Informatyka<\/p>\n<\/td>\n<\/tr>\n<tr>\n<td colspan=\"2\" width=\"304\">\n<p>Michalik Anna<\/p>\n<\/td>\n<td colspan=\"2\" width=\"505\">\n<p>Rewalidacja indywidualna, zaj\u0119cia \u00a0\u00a0\u00a0\u00a0\u00a0\u00a0\u00a0\u00a0\u00a0\u00a0\u00a0\u00a0\u00a0\u00a0\u00a0\u00a0\u00a0\u00a0\u00a0\u00a0\u00a0\u00a0\u00a0\u00a0\u00a0\u00a0\u00a0\u00a0\u00a0\u00a0\u00a0\u00a0\u00a0\u00a0\u00a0\u00a0\u00a0\u00a0\u00a0\u00a0\u00a0\u00a0\u00a0\u00a0\u00a0\u00a0\u00a0\u00a0\u00a0\u00a0\u00a0\u00a0\u00a0\u00a0\u00a0\u00a0\u00a0\u00a0dydaktyczno &#8211; wyr\u00f3wnawcze<\/p>\n<\/td>\n<\/tr>\n<tr>\n<td colspan=\"2\" width=\"304\">\n<p>Michalik Marek<\/p>\n<\/td>\n<td colspan=\"2\" width=\"505\">\n<p>Ko\u0142o szachowe\u00a0<\/p>\n<\/td>\n<\/tr>\n<tr>\n<td colspan=\"2\" width=\"304\">\n<p>Michalski Miko\u0142aj<\/p>\n<\/td>\n<td colspan=\"2\" width=\"505\">\n<p>Ko\u0142o informatyczne<\/p>\n<\/td>\n<\/tr>\n<tr>\n<td colspan=\"2\" width=\"304\">\n<p>Mirek Magdalena<\/p>\n<\/td>\n<td colspan=\"2\" width=\"505\">\n<p>Matematyka, muzyka<\/p>\n<\/td>\n<\/tr>\n<tr>\n<td colspan=\"2\" width=\"304\">\n<p>Mirek-Legutko Maria<\/p>\n<\/td>\n<td colspan=\"2\" width=\"505\">\n<p>Religia<\/p>\n<\/td>\n<\/tr>\n<tr>\n<td colspan=\"2\" width=\"304\">\n<p>Mozdyniewicz Mariola<\/p>\n<\/td>\n<td colspan=\"2\" width=\"505\">\n<p>Biologia<\/p>\n<\/td>\n<\/tr>\n<tr>\n<td colspan=\"2\" width=\"304\">\n<p>Niemas Jakub<\/p>\n<\/td>\n<td colspan=\"2\" width=\"505\">\n<p>Wychowanie fizyczne<\/p>\n<\/td>\n<\/tr>\n<tr>\n<td colspan=\"2\" width=\"304\">\n<p>Pawlikowska-Raczek Anna<\/p>\n<\/td>\n<td colspan=\"2\" width=\"505\">\n<p>Nauczyciel wspieraj\u0105cy proces edukacyjny<\/p>\n<\/td>\n<\/tr>\n<tr>\n<td colspan=\"2\" width=\"304\">\n<p>Pa\u017cucha Ma\u0142gorzata<\/p>\n<\/td>\n<td colspan=\"2\" width=\"505\">\n<p>Informatyka<\/p>\n<\/td>\n<\/tr>\n<tr>\n<td colspan=\"2\" width=\"304\">\n<p>Peciak Dariusz<\/p>\n<\/td>\n<td colspan=\"2\" width=\"505\">\n<p>Wychowanie fizyczne<\/p>\n<\/td>\n<\/tr>\n<tr>\n<td colspan=\"2\" width=\"304\">\n<p>Pie\u0144kus Anna<\/p>\n<\/td>\n<td colspan=\"2\" width=\"505\">\n<p>Rewalidacja indywidualna<\/p>\n<\/td>\n<\/tr>\n<tr>\n<td colspan=\"2\" width=\"304\">\n<p>Pierz Micha\u0142<\/p>\n<\/td>\n<td colspan=\"2\" width=\"505\">\n<p>\u00a0<\/p>\n<p>Religia<\/p>\n<\/td>\n<\/tr>\n<tr>\n<td colspan=\"2\" width=\"304\">\n<p>Plata Patrycja<\/p>\n<\/td>\n<td colspan=\"2\" width=\"505\">\n<p>Nauczyciel wspieraj\u0105cy proces edukacyjny, rewalidacja\u00a0\u00a0\u00a0\u00a0\u00a0\u00a0\u00a0\u00a0\u00a0\u00a0\u00a0\u00a0\u00a0 \u00a0indywidualna<\/p>\n<\/td>\n<\/tr>\n<tr>\n<td colspan=\"2\" width=\"304\">\n<p>Potoniec Henryk<\/p>\n<\/td>\n<td colspan=\"2\" width=\"505\">\n<p>Wychowanie fizyczne<\/p>\n<\/td>\n<\/tr>\n<tr>\n<td colspan=\"2\" width=\"304\">\n<p>Prokopowicz Agnieszka<\/p>\n<\/td>\n<td colspan=\"2\" width=\"505\">\n<p>Edukacja Wczesnoszkolna<\/p>\n<\/td>\n<\/tr>\n<tr>\n<td colspan=\"2\" width=\"304\">\n<p>Przychocka Beata<\/p>\n<\/td>\n<td colspan=\"2\" width=\"505\">\n<p>Plastyka<\/p>\n<\/td>\n<\/tr>\n<tr>\n<td colspan=\"2\" width=\"304\">\n<p>Radli\u0144ska Alicja<\/p>\n<\/td>\n<td colspan=\"2\" width=\"505\">\n<p>Informatyka<\/p>\n<\/td>\n<\/tr>\n<tr>\n<td colspan=\"2\" width=\"304\">\n<p>Rosiek Angelika<\/p>\n<\/td>\n<td colspan=\"2\" width=\"505\">\n<p>Nauczyciel wspieraj\u0105cy proces edukacyjny<\/p>\n<\/td>\n<\/tr>\n<tr>\n<td colspan=\"2\" width=\"304\">\n<p>Rosiek Magdalena<\/p>\n<\/td>\n<td colspan=\"2\" width=\"505\">\n<p>J\u0119zyk niemiecki<\/p>\n<\/td>\n<\/tr>\n<tr>\n<td colspan=\"2\" width=\"304\">\n<p>Rucha\u0142a Agata<\/p>\n<\/td>\n<td colspan=\"2\" width=\"505\">\n<p>Edukacja wczesnoszkolna<\/p>\n<\/td>\n<\/tr>\n<tr>\n<td colspan=\"2\" width=\"304\">\n<p>Rze\u017anik Barbara<\/p>\n<\/td>\n<td colspan=\"2\" width=\"505\">\n<p>J\u0119zyk polski<\/p>\n<\/td>\n<\/tr>\n<tr>\n<td colspan=\"2\" width=\"304\">\n<p>Serkowska Urszula<\/p>\n<\/td>\n<td colspan=\"2\" width=\"505\">\n<p>Rewalidacja indywidualna, zaj\u0119cia logopedyczne<\/p>\n<\/td>\n<\/tr>\n<tr>\n<td colspan=\"2\" width=\"304\">\n<p>Smajdor-Kosakowska Jolanta<\/p>\n<\/td>\n<td colspan=\"2\" width=\"505\">\n<p>Edukacja wczesnoszkolna<\/p>\n<\/td>\n<\/tr>\n<tr>\n<td colspan=\"2\" width=\"304\">\n<p>Smole\u0144 Bart\u0142omiej<\/p>\n<\/td>\n<td colspan=\"2\" width=\"505\">\n<p>J\u0119zyk angielski<\/p>\n<\/td>\n<\/tr>\n<tr>\n<td colspan=\"2\" width=\"304\">\n<p>Smole\u0144 Joanna<\/p>\n<\/td>\n<td colspan=\"2\" width=\"505\">\n<p>Nauczyciel wspieraj\u0105cy proces edukacyjny<\/p>\n<\/td>\n<\/tr>\n<tr>\n<td colspan=\"2\" width=\"304\">\n<p>Smole\u0144 Natalia<\/p>\n<\/td>\n<td colspan=\"2\" width=\"505\">\n<p>Edukacja wczesnoszkolna<\/p>\n<\/td>\n<\/tr>\n<tr>\n<td colspan=\"2\" width=\"304\">\n<p>Stawiarz Rados\u0142aw<\/p>\n<\/td>\n<td colspan=\"2\" width=\"505\">\n<p>J\u0119zyk angielski<\/p>\n<\/td>\n<\/tr>\n<tr>\n<td colspan=\"2\" width=\"304\">\n<p>St\u0119pie\u0144 Agata<\/p>\n<\/td>\n<td colspan=\"2\" width=\"505\">\n<p>Fizyka<\/p>\n<\/td>\n<\/tr>\n<tr>\n<td colspan=\"2\" width=\"304\">\n<p>Stojda Aneta<\/p>\n<\/td>\n<td colspan=\"2\" width=\"505\">\n<p>Edukacja wczesnoszkolna<\/p>\n<\/td>\n<\/tr>\n<tr>\n<td colspan=\"2\" width=\"304\">\n<p>Szczerba Emilia<\/p>\n<\/td>\n<td colspan=\"2\" width=\"505\">\n<p>J\u0119zyk angielski<\/p>\n<\/td>\n<\/tr>\n<tr>\n<td colspan=\"2\" width=\"304\">\n<p>\u015awi\u0119s Ewelina<\/p>\n<\/td>\n<td colspan=\"2\" width=\"505\">\n<p>J\u0119zyk polski<\/p>\n<\/td>\n<\/tr>\n<tr>\n<td colspan=\"2\" width=\"304\">\n<p>Uszko Dominika<\/p>\n<\/td>\n<td colspan=\"2\" width=\"505\">\n<p>Edukacja wczesnoszkolna<\/p>\n<\/td>\n<\/tr>\n<tr>\n<td colspan=\"2\" width=\"304\">\n<p>Wajda Ma\u0142gorzata<\/p>\n<\/td>\n<td colspan=\"2\" width=\"505\">\n<p>Nauczyciel wspieraj\u0105cy proces edukacyjny<\/p>\n<\/td>\n<\/tr>\n<tr>\n<td colspan=\"2\" width=\"304\">\n<p>Walig\u00f3ra Karolina<\/p>\n<\/td>\n<td colspan=\"2\" width=\"505\">\n<p>Nauczyciel wspieraj\u0105cy proces edukacyjny<\/p>\n<\/td>\n<\/tr>\n<tr>\n<td colspan=\"2\" width=\"304\">\n<p>Wi\u015bmierska Renata<\/p>\n<\/td>\n<td colspan=\"2\" width=\"505\">\n<p>Edukacja zdrowotna, rewalidacja indywidualna<\/p>\n<\/td>\n<\/tr>\n<tr>\n<td colspan=\"2\" width=\"304\">\n<p>Wr\u00f3bel Klaudia<\/p>\n<\/td>\n<td colspan=\"2\" width=\"505\">\n<p>Edukacja wczesnoszkolna<\/p>\n<\/td>\n<\/tr>\n<tr>\n<td colspan=\"2\" width=\"304\">\n<p>Za\u0142ubski Piotr<\/p>\n<\/td>\n<td colspan=\"2\" width=\"505\">\n<p>Wychowanie fizyczne<\/p>\n<\/td>\n<\/tr>\n<tr>\n<td colspan=\"2\" width=\"304\">\n<p>Zelek Ma\u0142gorzata<\/p>\n<\/td>\n<td colspan=\"2\" width=\"505\">\n<p>Nauczyciel wspieraj\u0105cy proces edukacyjny<\/p>\n<\/td>\n<\/tr>\n<tr>\n<td width=\"43\">\u00a0<\/td>\n<td width=\"261\">\u00a0<\/td>\n<td width=\"1\">\u00a0<\/td>\n<td width=\"504\">\u00a0<\/td>\n<\/tr>\n<\/tbody>\n<\/table>\n<p style=\"text-align: center;\">\u00a0<\/p>\n","protected":false},"excerpt":{"rendered":"<p>DYREKTOR Mac Beata \u2013 Historia, Edukacja zdrowotna WICEDYREKTORZY Pasek-Bienias Ma\u0142gorzata \u2013 Informatyka Opa\u0142ek Anna &#8211; Edukacja wczesnoszkolna Serkowski Dariusz \u2013 Zaj\u0119cia korekcyjno-kompensacyjne PEDAGOG SZKOLNY Soko\u0142owska Agnieszka PSYCHOLOG SZKOLNY Paso\u0144-Francuz Marta PEDAGOG SPECJALNY Renata Wi\u015bmierska \u00a0 \u015aWIETLICA Dominik Jolanta Jesi\u0105ka Ma\u0142gorzata Kizem-Nowakowska Gracjana Laszewicz Magdalena Michalik-Bober Edyta Sad\u0142o\u0144 Ewa \u00a0 BIBLIOTEKA Anna Kmiecik \u00a0 NAUCZYCIELE \u2013 WYCHOWANIE PRZEDSZKOLNE Filip AgataGancarczyk Ma\u0142gorzataGlapiak<\/p>\n","protected":false},"author":1,"featured_media":0,"parent":0,"menu_order":0,"comment_status":"closed","ping_status":"closed","template":"","meta":{"jetpack_post_was_ever_published":false,"footnotes":""},"class_list":["post-73","page","type-page","status-publish","hentry"],"jetpack_sharing_enabled":true,"_links":{"self":[{"href":"http:\/\/www.sp21sacz.edu.pl\/index.php\/wp-json\/wp\/v2\/pages\/73","targetHints":{"allow":["GET"]}}],"collection":[{"href":"http:\/\/www.sp21sacz.edu.pl\/index.php\/wp-json\/wp\/v2\/pages"}],"about":[{"href":"http:\/\/www.sp21sacz.edu.pl\/index.php\/wp-json\/wp\/v2\/types\/page"}],"author":[{"embeddable":true,"href":"http:\/\/www.sp21sacz.edu.pl\/index.php\/wp-json\/wp\/v2\/users\/1"}],"replies":[{"embeddable":true,"href":"http:\/\/www.sp21sacz.edu.pl\/index.php\/wp-json\/wp\/v2\/comments?post=73"}],"version-history":[{"count":63,"href":"http:\/\/www.sp21sacz.edu.pl\/index.php\/wp-json\/wp\/v2\/pages\/73\/revisions"}],"predecessor-version":[{"id":32953,"href":"http:\/\/www.sp21sacz.edu.pl\/index.php\/wp-json\/wp\/v2\/pages\/73\/revisions\/32953"}],"wp:attachment":[{"href":"http:\/\/www.sp21sacz.edu.pl\/index.php\/wp-json\/wp\/v2\/media?parent=73"}],"curies":[{"name":"wp","href":"https:\/\/api.w.org\/{rel}","templated":true}]}}