{"id":29309,"date":"2025-01-23T14:40:40","date_gmt":"2025-01-23T13:40:40","guid":{"rendered":"http:\/\/www.sp21sacz.edu.pl\/?page_id=29309"},"modified":"2026-02-09T14:55:52","modified_gmt":"2026-02-09T13:55:52","slug":"dyzur-wakacyjny-przedszkole","status":"publish","type":"page","link":"http:\/\/www.sp21sacz.edu.pl\/index.php\/dyzur-wakacyjny-przedszkole\/","title":{"rendered":"Dy\u017cur wakacyjny &#8211; przedszkole"},"content":{"rendered":"\n<div data-wp-interactive=\"core\/file\" class=\"wp-block-file\"><object data-wp-bind--hidden=\"!state.hasPdfPreview\" hidden class=\"wp-block-file__embed\" data=\"https:\/\/www.sp21sacz.edu.pl\/wp-content\/uploads\/2026\/02\/Kryteria-przyjecia-na-dyzur-wakacyjny-w-roku-szkolnym-2025-2026.pdf\" type=\"application\/pdf\" style=\"width:100%;height:600px\" aria-label=\"Osadzone z Kryteria przyj\u0119cia na dy\u017cur wakacyjny w roku szkolnym 2025-2026.\"><\/object><a id=\"wp-block-file--media-482c4c3c-0af4-4bab-8361-a241bfe9f78a\" href=\"https:\/\/www.sp21sacz.edu.pl\/wp-content\/uploads\/2026\/02\/Kryteria-przyjecia-na-dyzur-wakacyjny-w-roku-szkolnym-2025-2026.pdf\">Kryteria przyj\u0119cia na dy\u017cur wakacyjny w roku szkolnym 2025-2026<\/a><a href=\"https:\/\/www.sp21sacz.edu.pl\/wp-content\/uploads\/2026\/02\/Kryteria-przyjecia-na-dyzur-wakacyjny-w-roku-szkolnym-2025-2026.pdf\" class=\"wp-block-file__button wp-element-button\" download aria-describedby=\"wp-block-file--media-482c4c3c-0af4-4bab-8361-a241bfe9f78a\">Pobierz<\/a><\/div>\n\n\n\n<div data-wp-interactive=\"core\/file\" class=\"wp-block-file\"><object data-wp-bind--hidden=\"!state.hasPdfPreview\" hidden class=\"wp-block-file__embed\" data=\"https:\/\/www.sp21sacz.edu.pl\/wp-content\/uploads\/2026\/02\/Karta-zgloszenia-dziecka-na-dyzur-wakacyjny-w-roku-szkolnym-2025-2026.pdf\" type=\"application\/pdf\" style=\"width:100%;height:600px\" aria-label=\"Osadzone z Karta zg\u0142oszenia dziecka na dy\u017cur wakacyjny w roku szkolnym 2025-2026.\"><\/object><a id=\"wp-block-file--media-b6c2dc80-0b86-4314-9785-48e0789621a7\" href=\"https:\/\/www.sp21sacz.edu.pl\/wp-content\/uploads\/2026\/02\/Karta-zgloszenia-dziecka-na-dyzur-wakacyjny-w-roku-szkolnym-2025-2026.pdf\">Karta zg\u0142oszenia dziecka na dy\u017cur wakacyjny w roku szkolnym 2025-2026<\/a><a href=\"https:\/\/www.sp21sacz.edu.pl\/wp-content\/uploads\/2026\/02\/Karta-zgloszenia-dziecka-na-dyzur-wakacyjny-w-roku-szkolnym-2025-2026.pdf\" class=\"wp-block-file__button wp-element-button\" download aria-describedby=\"wp-block-file--media-b6c2dc80-0b86-4314-9785-48e0789621a7\">Pobierz<\/a><\/div>\n\n\n\n\n\n<div data-wp-interactive=\"core\/file\" class=\"wp-block-file\"><object data-wp-bind--hidden=\"!state.hasPdfPreview\" hidden class=\"wp-block-file__embed\" data=\"https:\/\/www.sp21sacz.edu.pl\/wp-content\/uploads\/2026\/02\/Zasady-zapisow-dzieci.pdf\" type=\"application\/pdf\" style=\"width:100%;height:600px\" aria-label=\"Osadzone z Zasady zapis\u00f3w dzieci.\"><\/object><a id=\"wp-block-file--media-caa7a892-690f-4ecf-a8d8-578c72af6197\" href=\"https:\/\/www.sp21sacz.edu.pl\/wp-content\/uploads\/2026\/02\/Zasady-zapisow-dzieci.pdf\">Zasady zapis\u00f3w dzieci<\/a><a href=\"https:\/\/www.sp21sacz.edu.pl\/wp-content\/uploads\/2026\/02\/Zasady-zapisow-dzieci.pdf\" class=\"wp-block-file__button wp-element-button\" download aria-describedby=\"wp-block-file--media-caa7a892-690f-4ecf-a8d8-578c72af6197\">Pobierz<\/a><\/div>\n\n\n\n\n\n<div data-wp-interactive=\"core\/file\" class=\"wp-block-file\"><object data-wp-bind--hidden=\"!state.hasPdfPreview\" hidden class=\"wp-block-file__embed\" data=\"https:\/\/www.sp21sacz.edu.pl\/wp-content\/uploads\/2026\/02\/Termin-dyzurow-wakacyjnych-miejskich-przedszkoli-oraz-oddzialow-przedszkolnych-w-szkolach-podstawowych-w-roku-szkolnym-2025-2026.pdf\" type=\"application\/pdf\" style=\"width:100%;height:600px\" aria-label=\"Osadzone z Termin dy\u017cur\u00f3w wakacyjnych miejskich przedszkoli oraz oddzia\u0142\u00f3w przedszkolnych w szko\u0142ach podstawowych w roku szkolnym 2025-2026.\"><\/object><a id=\"wp-block-file--media-cd10bdc6-948f-4a29-a661-c9f27fd9f387\" href=\"https:\/\/www.sp21sacz.edu.pl\/wp-content\/uploads\/2026\/02\/Termin-dyzurow-wakacyjnych-miejskich-przedszkoli-oraz-oddzialow-przedszkolnych-w-szkolach-podstawowych-w-roku-szkolnym-2025-2026.pdf\">Termin dy\u017cur\u00f3w wakacyjnych miejskich przedszkoli oraz oddzia\u0142\u00f3w przedszkolnych w szko\u0142ach podstawowych w roku szkolnym 2025-2026<\/a><a href=\"https:\/\/www.sp21sacz.edu.pl\/wp-content\/uploads\/2026\/02\/Termin-dyzurow-wakacyjnych-miejskich-przedszkoli-oraz-oddzialow-przedszkolnych-w-szkolach-podstawowych-w-roku-szkolnym-2025-2026.pdf\" class=\"wp-block-file__button wp-element-button\" download aria-describedby=\"wp-block-file--media-cd10bdc6-948f-4a29-a661-c9f27fd9f387\">Pobierz<\/a><\/div>\n","protected":false},"excerpt":{"rendered":"","protected":false},"author":1,"featured_media":0,"parent":0,"menu_order":0,"comment_status":"closed","ping_status":"closed","template":"","meta":{"jetpack_post_was_ever_published":false,"footnotes":""},"class_list":["post-29309","page","type-page","status-publish","hentry"],"jetpack_sharing_enabled":true,"_links":{"self":[{"href":"http:\/\/www.sp21sacz.edu.pl\/index.php\/wp-json\/wp\/v2\/pages\/29309","targetHints":{"allow":["GET"]}}],"collection":[{"href":"http:\/\/www.sp21sacz.edu.pl\/index.php\/wp-json\/wp\/v2\/pages"}],"about":[{"href":"http:\/\/www.sp21sacz.edu.pl\/index.php\/wp-json\/wp\/v2\/types\/page"}],"author":[{"embeddable":true,"href":"http:\/\/www.sp21sacz.edu.pl\/index.php\/wp-json\/wp\/v2\/users\/1"}],"replies":[{"embeddable":true,"href":"http:\/\/www.sp21sacz.edu.pl\/index.php\/wp-json\/wp\/v2\/comments?post=29309"}],"version-history":[{"count":2,"href":"http:\/\/www.sp21sacz.edu.pl\/index.php\/wp-json\/wp\/v2\/pages\/29309\/revisions"}],"predecessor-version":[{"id":32757,"href":"http:\/\/www.sp21sacz.edu.pl\/index.php\/wp-json\/wp\/v2\/pages\/29309\/revisions\/32757"}],"wp:attachment":[{"href":"http:\/\/www.sp21sacz.edu.pl\/index.php\/wp-json\/wp\/v2\/media?parent=29309"}],"curies":[{"name":"wp","href":"https:\/\/api.w.org\/{rel}","templated":true}]}}