{"id":2850,"date":"2019-09-20T11:16:12","date_gmt":"2019-09-20T09:16:12","guid":{"rendered":"http:\/\/www.sp21sacz.edu.pl\/?page_id=2850"},"modified":"2021-12-20T10:33:59","modified_gmt":"2021-12-20T09:33:59","slug":"integracja","status":"publish","type":"page","link":"http:\/\/www.sp21sacz.edu.pl\/index.php\/integracja\/","title":{"rendered":"Integracja"},"content":{"rendered":"<p style=\"text-align: center;\"><iframe loading=\"lazy\" src=\"https:\/\/onedrive.live.com\/embed?cid=457F193C938A8A6F&amp;resid=457F193C938A8A6F%21144&amp;authkey=AEj5bkezwrZ8W1M&amp;em=2\" width=\"402\" height=\"327\" frameborder=\"0\" scrolling=\"no\"><\/iframe><\/p>\n<p><strong>INTEGRACJA W NASZEJ SZKOLE<\/strong><\/p>\n<p><em>\u201e&#8230; pomaganie osobom niepe\u0142nosprawnym, tak\u017ce w tym, \u017ceby sami z siebie co\u015b dali i \u017ceby wsp\u00f3\u0142pracowali, na miar\u0119 swoich mo\u017cliwo\u015bci, w tworzeniu bardziej ludzkiego \u015bwiata\u201d\u00a0 <\/em><\/p>\n<p style=\"text-align: right;\">\u015awi\u0119ty Jan Pawe\u0142 II<\/p>\n<p><strong><u>Co to jest integracja?<\/u><\/strong><\/p>\n<p><strong><em>Integracja<\/em><\/strong>\u00a0 jest to najpro\u015bciej zespolenie czyli wsp\u00f3lne uczenie si\u0119 i rozwijanie uczni\u00f3w o specjalnych potrzebach edukacyjnych wraz ze swoimi r\u00f3wie\u015bnikami. Integruj\u0105c spo\u0142ecznie dzieci niepe\u0142nosprawne, stwarzamy im warunki, aby mog\u0142y one wychowywa\u0107 si\u0119 w swojej rodzinie ( nie w internacie ), uczy\u0107 si\u0119\u00a0 w szkole powszechnej ( tej najbli\u017cszej osiedlowej), wzrasta\u0107 w naturalnym \u015brodowisku w\u015br\u00f3d pe\u0142nosprawnych r\u00f3wie\u015bnik\u00f3w.<\/p>\n<p>W klasie integracyjnej mog\u0105 si\u0119 znale\u017a\u0107 uczniowie z r\u00f3\u017cnymi <strong>rodzajami niepe\u0142nosprawno\u015bci<\/strong>:<\/p>\n<p>1.Z niepe\u0142nosprawno\u015bci\u0105 sensoryczn\u0105:<\/p>\n<ul>\n<li>s\u0142abos\u0142ysz\u0105cy;<\/li>\n<li>s\u0142abowidz\u0105cy.<\/li>\n<\/ul>\n<ol start=\"2\">\n<li>Z niepe\u0142nosprawno\u015bci\u0105 intelektualn\u0105:<\/li>\n<\/ol>\n<ul>\n<li>niepe\u0142nosprawni intelektualnie w stopniu lekkim<\/li>\n<li>niepe\u0142nosprawni intelektualnie w stopniu umiarkowanym,<\/li>\n<li>z niepe\u0142nosprawno\u015bci\u0105 sprz\u0119\u017con\u0105<\/li>\n<li>z autyzmem lub Zespo\u0142em Aspergera.<\/li>\n<\/ul>\n<ol start=\"3\">\n<li>Z niepe\u0142nosprawno\u015bci\u0105 ruchow\u0105:<\/li>\n<\/ol>\n<ul>\n<li>niepe\u0142nosprawni ruchowo (w tym z afazj\u0105)<\/li>\n<\/ul>\n<p><strong><u>Zalety integracji:<\/u><\/strong><\/p>\n<ul>\n<li>odczuwanie pozytywnych wi\u0119zi z zespo\u0142em klasowym,<\/li>\n<li>wzbudzanie wiary we w\u0142asne si\u0142y i mo\u017cliwo\u015bci,<\/li>\n<li>rozw\u00f3j samodzielno\u015bci,<\/li>\n<li>kszta\u0142towanie empatii,<\/li>\n<li>w\u0142a\u015bciwe spojrzenie na \u015bwiat i ludzi,<\/li>\n<li>udzielanie wzajemnej pomocy przy rozwi\u0105zywaniu zada\u0144, problem\u00f3w,<\/li>\n<li>wzmacnianie u uczni\u00f3w szacunku do siebie.<\/li>\n<\/ul>\n<p><strong><u>Charakterystyka klasy integracyjnej<\/u><\/strong><\/p>\n<p>Oddzia\u0142 liczy nie wi\u0119cej ni\u017c 20 uczni\u00f3w, w tym nie wi\u0119cej ni\u017c 5 niepe\u0142nosprawnych.<\/p>\n<p>W ka\u017cdej klasie integracyjnej pracuje dw\u00f3ch pedagog\u00f3w:\u00a0 Nauczyciel prowadz\u0105cy i pedagog specjalny \u2013 wspomagaj\u0105cy. Nauczyciel prowadz\u0105cy realizuje tre\u015bci programowe, natomiast nauczyciel wspomagaj\u0105cy dostosowuje ich zakres do mo\u017cliwo\u015bci niepe\u0142nosprawnego dziecka, jego tempa pracy i specjalnych potrzeb.<\/p>\n<p>Dla ka\u017cdego z uczni\u00f3w obj\u0119tych integracj\u0105 opracowywany jest Indywidualny Plan Edukacyjno-Terapeutyczny, dostosowuj\u0105cy formy i metody pracy do mo\u017cliwo\u015bci i potrzeb, wynikaj\u0105cych z danej niepe\u0142nosprawno\u015bci.<\/p>\n<p>Ka\u017cdy z uczni\u00f3w obj\u0119ty jest dodatkow\u0105 pomoc\u0105 w ramach <strong>zaj\u0119\u0107 specjalistycznych:<\/strong><\/p>\n<ul>\n<li>rewalidacyjnych,<\/li>\n<li>korekcyjno-kompensacyjnych,<\/li>\n<li><\/li>\n<\/ul>\n<p>Ponadto uczniowie mog\u0105 korzysta\u0107 z pomocy <strong>pedagoga szkolnego<\/strong> oraz ucz\u0119szcza\u0107 na dodatkowe zaj\u0119cia dydaktyczno-wyr\u00f3wnawcze, a tak\u017ce rozwija\u0107 swoje pasje w ko\u0142ach zainteresowa\u0144.<\/p>\n<p><strong>Metody pracy z ca\u0142\u0105 klas\u0105:<\/strong><\/p>\n<ul>\n<li>Pedagogika zabawy \u201cKLANZA\u201d,<\/li>\n<li>Drama,<\/li>\n<li>Metoda Ruchu Rozwijaj\u0105cego Weroniki Sherborne,<\/li>\n<li>elementy Metody Knill\u00f3w,<\/li>\n<li>Metoda Dobrego Startu,<\/li>\n<li>Dogoterapia,<\/li>\n<li>Muzykoterapia,<\/li>\n<li>Arterapia.<\/li>\n<\/ul>\n<blockquote class=\"wp-embedded-content\" data-secret=\"DOJB81Xalt\"><p><a href=\"http:\/\/www.sp21sacz.edu.pl\/index.php\/2021\/12\/20\/integracja-artystyczna-koncert-swiateczny\/\">INTEGRACJA ARTYSTYCZNA- KONCERT \u015aWI\u0104TECZNY<\/a><\/p><\/blockquote>\n<p><iframe loading=\"lazy\" class=\"wp-embedded-content\" sandbox=\"allow-scripts\" security=\"restricted\" style=\"position: absolute; clip: rect(1px, 1px, 1px, 1px);\" title=\"&#8222;INTEGRACJA ARTYSTYCZNA- KONCERT \u015aWI\u0104TECZNY&#8221; &#8212; Zesp\u00f3\u0142 Szk\u00f3\u0142 Szkolno-Przedszkolny nr 3\" src=\"http:\/\/www.sp21sacz.edu.pl\/index.php\/2021\/12\/20\/integracja-artystyczna-koncert-swiateczny\/embed\/#?secret=DOJB81Xalt\" data-secret=\"DOJB81Xalt\" width=\"600\" height=\"338\" frameborder=\"0\" marginwidth=\"0\" marginheight=\"0\" scrolling=\"no\"><\/iframe><\/p>\n\n\t\t<style type=\"text\/css\">\n\t\t\t#gallery-1 {\n\t\t\t\tmargin: auto;\n\t\t\t}\n\t\t\t#gallery-1 .gallery-item {\n\t\t\t\tfloat: left;\n\t\t\t\tmargin-top: 10px;\n\t\t\t\ttext-align: center;\n\t\t\t\twidth: 33%;\n\t\t\t}\n\t\t\t#gallery-1 img {\n\t\t\t\tborder: 2px solid #cfcfcf;\n\t\t\t}\n\t\t\t#gallery-1 .gallery-caption {\n\t\t\t\tmargin-left: 0;\n\t\t\t}\n\t\t\t\/* see gallery_shortcode() in wp-includes\/media.php *\/\n\t\t<\/style>\n\t\t<div id='gallery-1' class='gallery galleryid-2850 gallery-columns-3 gallery-size-thumbnail'><dl class='gallery-item'>\n\t\t\t<dt class='gallery-icon landscape'>\n\t\t\t\t<a href=\"https:\/\/i0.wp.com\/www.sp21sacz.edu.pl\/wp-content\/uploads\/2019\/09\/20181009_083855.jpg\"><img loading=\"lazy\" decoding=\"async\" width=\"150\" height=\"150\" src=\"https:\/\/i0.wp.com\/www.sp21sacz.edu.pl\/wp-content\/uploads\/2019\/09\/20181009_083855.jpg?fit=150%2C150\" class=\"attachment-thumbnail size-thumbnail\" alt=\"\" srcset=\"https:\/\/i0.wp.com\/www.sp21sacz.edu.pl\/wp-content\/uploads\/2019\/09\/20181009_083855.jpg?resize=150%2C150 150w, https:\/\/i0.wp.com\/www.sp21sacz.edu.pl\/wp-content\/uploads\/2019\/09\/20181009_083855.jpg?resize=90%2C90 90w, https:\/\/i0.wp.com\/www.sp21sacz.edu.pl\/wp-content\/uploads\/2019\/09\/20181009_083855.jpg?resize=75%2C75 75w, https:\/\/i0.wp.com\/www.sp21sacz.edu.pl\/wp-content\/uploads\/2019\/09\/20181009_083855.jpg?zoom=2&amp;resize=150%2C150 300w, https:\/\/i0.wp.com\/www.sp21sacz.edu.pl\/wp-content\/uploads\/2019\/09\/20181009_083855.jpg?zoom=3&amp;resize=150%2C150 450w\" sizes=\"auto, (max-width: 150px) 100vw, 150px\" \/><\/a>\n\t\t\t<\/dt><\/dl><dl class='gallery-item'>\n\t\t\t<dt class='gallery-icon landscape'>\n\t\t\t\t<a href=\"https:\/\/i0.wp.com\/www.sp21sacz.edu.pl\/wp-content\/uploads\/2019\/09\/20181009_094439.jpg\"><img loading=\"lazy\" decoding=\"async\" width=\"150\" height=\"150\" src=\"https:\/\/i0.wp.com\/www.sp21sacz.edu.pl\/wp-content\/uploads\/2019\/09\/20181009_094439.jpg?fit=150%2C150\" class=\"attachment-thumbnail size-thumbnail\" alt=\"\" srcset=\"https:\/\/i0.wp.com\/www.sp21sacz.edu.pl\/wp-content\/uploads\/2019\/09\/20181009_094439.jpg?resize=150%2C150 150w, https:\/\/i0.wp.com\/www.sp21sacz.edu.pl\/wp-content\/uploads\/2019\/09\/20181009_094439.jpg?resize=90%2C90 90w, https:\/\/i0.wp.com\/www.sp21sacz.edu.pl\/wp-content\/uploads\/2019\/09\/20181009_094439.jpg?resize=75%2C75 75w, https:\/\/i0.wp.com\/www.sp21sacz.edu.pl\/wp-content\/uploads\/2019\/09\/20181009_094439.jpg?zoom=2&amp;resize=150%2C150 300w, https:\/\/i0.wp.com\/www.sp21sacz.edu.pl\/wp-content\/uploads\/2019\/09\/20181009_094439.jpg?zoom=3&amp;resize=150%2C150 450w\" sizes=\"auto, (max-width: 150px) 100vw, 150px\" \/><\/a>\n\t\t\t<\/dt><\/dl><dl class='gallery-item'>\n\t\t\t<dt class='gallery-icon landscape'>\n\t\t\t\t<a href=\"https:\/\/i0.wp.com\/www.sp21sacz.edu.pl\/wp-content\/uploads\/2019\/09\/20181009_132603.jpg\"><img loading=\"lazy\" decoding=\"async\" width=\"150\" height=\"150\" src=\"https:\/\/i0.wp.com\/www.sp21sacz.edu.pl\/wp-content\/uploads\/2019\/09\/20181009_132603.jpg?fit=150%2C150\" class=\"attachment-thumbnail size-thumbnail\" alt=\"\" srcset=\"https:\/\/i0.wp.com\/www.sp21sacz.edu.pl\/wp-content\/uploads\/2019\/09\/20181009_132603.jpg?resize=150%2C150 150w, https:\/\/i0.wp.com\/www.sp21sacz.edu.pl\/wp-content\/uploads\/2019\/09\/20181009_132603.jpg?resize=90%2C90 90w, https:\/\/i0.wp.com\/www.sp21sacz.edu.pl\/wp-content\/uploads\/2019\/09\/20181009_132603.jpg?resize=75%2C75 75w, https:\/\/i0.wp.com\/www.sp21sacz.edu.pl\/wp-content\/uploads\/2019\/09\/20181009_132603.jpg?zoom=2&amp;resize=150%2C150 300w, https:\/\/i0.wp.com\/www.sp21sacz.edu.pl\/wp-content\/uploads\/2019\/09\/20181009_132603.jpg?zoom=3&amp;resize=150%2C150 450w\" sizes=\"auto, (max-width: 150px) 100vw, 150px\" \/><\/a>\n\t\t\t<\/dt><\/dl><br style=\"clear: both\" \/><dl class='gallery-item'>\n\t\t\t<dt class='gallery-icon landscape'>\n\t\t\t\t<a href=\"https:\/\/i0.wp.com\/www.sp21sacz.edu.pl\/wp-content\/uploads\/2019\/09\/20181009_132622.jpg\"><img loading=\"lazy\" decoding=\"async\" width=\"150\" height=\"150\" src=\"https:\/\/i0.wp.com\/www.sp21sacz.edu.pl\/wp-content\/uploads\/2019\/09\/20181009_132622.jpg?fit=150%2C150\" class=\"attachment-thumbnail size-thumbnail\" alt=\"\" srcset=\"https:\/\/i0.wp.com\/www.sp21sacz.edu.pl\/wp-content\/uploads\/2019\/09\/20181009_132622.jpg?resize=150%2C150 150w, https:\/\/i0.wp.com\/www.sp21sacz.edu.pl\/wp-content\/uploads\/2019\/09\/20181009_132622.jpg?resize=90%2C90 90w, https:\/\/i0.wp.com\/www.sp21sacz.edu.pl\/wp-content\/uploads\/2019\/09\/20181009_132622.jpg?resize=75%2C75 75w, https:\/\/i0.wp.com\/www.sp21sacz.edu.pl\/wp-content\/uploads\/2019\/09\/20181009_132622.jpg?zoom=2&amp;resize=150%2C150 300w, https:\/\/i0.wp.com\/www.sp21sacz.edu.pl\/wp-content\/uploads\/2019\/09\/20181009_132622.jpg?zoom=3&amp;resize=150%2C150 450w\" sizes=\"auto, (max-width: 150px) 100vw, 150px\" \/><\/a>\n\t\t\t<\/dt><\/dl><dl class='gallery-item'>\n\t\t\t<dt class='gallery-icon landscape'>\n\t\t\t\t<a href=\"https:\/\/i0.wp.com\/www.sp21sacz.edu.pl\/wp-content\/uploads\/2019\/09\/20181009_132628.jpg\"><img loading=\"lazy\" decoding=\"async\" width=\"150\" height=\"150\" src=\"https:\/\/i0.wp.com\/www.sp21sacz.edu.pl\/wp-content\/uploads\/2019\/09\/20181009_132628.jpg?fit=150%2C150\" class=\"attachment-thumbnail size-thumbnail\" alt=\"\" srcset=\"https:\/\/i0.wp.com\/www.sp21sacz.edu.pl\/wp-content\/uploads\/2019\/09\/20181009_132628.jpg?resize=150%2C150 150w, https:\/\/i0.wp.com\/www.sp21sacz.edu.pl\/wp-content\/uploads\/2019\/09\/20181009_132628.jpg?resize=90%2C90 90w, https:\/\/i0.wp.com\/www.sp21sacz.edu.pl\/wp-content\/uploads\/2019\/09\/20181009_132628.jpg?resize=75%2C75 75w, https:\/\/i0.wp.com\/www.sp21sacz.edu.pl\/wp-content\/uploads\/2019\/09\/20181009_132628.jpg?zoom=2&amp;resize=150%2C150 300w, https:\/\/i0.wp.com\/www.sp21sacz.edu.pl\/wp-content\/uploads\/2019\/09\/20181009_132628.jpg?zoom=3&amp;resize=150%2C150 450w\" sizes=\"auto, (max-width: 150px) 100vw, 150px\" \/><\/a>\n\t\t\t<\/dt><\/dl><dl class='gallery-item'>\n\t\t\t<dt class='gallery-icon landscape'>\n\t\t\t\t<a href=\"https:\/\/i0.wp.com\/www.sp21sacz.edu.pl\/wp-content\/uploads\/2019\/09\/20190201_130025.jpg\"><img loading=\"lazy\" decoding=\"async\" width=\"150\" height=\"150\" src=\"https:\/\/i0.wp.com\/www.sp21sacz.edu.pl\/wp-content\/uploads\/2019\/09\/20190201_130025.jpg?fit=150%2C150\" class=\"attachment-thumbnail size-thumbnail\" alt=\"\" srcset=\"https:\/\/i0.wp.com\/www.sp21sacz.edu.pl\/wp-content\/uploads\/2019\/09\/20190201_130025.jpg?resize=150%2C150 150w, https:\/\/i0.wp.com\/www.sp21sacz.edu.pl\/wp-content\/uploads\/2019\/09\/20190201_130025.jpg?resize=90%2C90 90w, https:\/\/i0.wp.com\/www.sp21sacz.edu.pl\/wp-content\/uploads\/2019\/09\/20190201_130025.jpg?resize=75%2C75 75w, https:\/\/i0.wp.com\/www.sp21sacz.edu.pl\/wp-content\/uploads\/2019\/09\/20190201_130025.jpg?zoom=2&amp;resize=150%2C150 300w, https:\/\/i0.wp.com\/www.sp21sacz.edu.pl\/wp-content\/uploads\/2019\/09\/20190201_130025.jpg?zoom=3&amp;resize=150%2C150 450w\" sizes=\"auto, (max-width: 150px) 100vw, 150px\" \/><\/a>\n\t\t\t<\/dt><\/dl><br style=\"clear: both\" \/><dl class='gallery-item'>\n\t\t\t<dt class='gallery-icon landscape'>\n\t\t\t\t<a href=\"https:\/\/i0.wp.com\/www.sp21sacz.edu.pl\/wp-content\/uploads\/2019\/09\/20190201_130319.jpg\"><img loading=\"lazy\" decoding=\"async\" width=\"150\" height=\"150\" src=\"https:\/\/i0.wp.com\/www.sp21sacz.edu.pl\/wp-content\/uploads\/2019\/09\/20190201_130319.jpg?fit=150%2C150\" class=\"attachment-thumbnail size-thumbnail\" alt=\"\" srcset=\"https:\/\/i0.wp.com\/www.sp21sacz.edu.pl\/wp-content\/uploads\/2019\/09\/20190201_130319.jpg?resize=150%2C150 150w, https:\/\/i0.wp.com\/www.sp21sacz.edu.pl\/wp-content\/uploads\/2019\/09\/20190201_130319.jpg?resize=90%2C90 90w, https:\/\/i0.wp.com\/www.sp21sacz.edu.pl\/wp-content\/uploads\/2019\/09\/20190201_130319.jpg?resize=75%2C75 75w, https:\/\/i0.wp.com\/www.sp21sacz.edu.pl\/wp-content\/uploads\/2019\/09\/20190201_130319.jpg?zoom=2&amp;resize=150%2C150 300w, https:\/\/i0.wp.com\/www.sp21sacz.edu.pl\/wp-content\/uploads\/2019\/09\/20190201_130319.jpg?zoom=3&amp;resize=150%2C150 450w\" sizes=\"auto, (max-width: 150px) 100vw, 150px\" \/><\/a>\n\t\t\t<\/dt><\/dl><dl class='gallery-item'>\n\t\t\t<dt class='gallery-icon landscape'>\n\t\t\t\t<a href=\"https:\/\/i0.wp.com\/www.sp21sacz.edu.pl\/wp-content\/uploads\/2019\/09\/CAM03288.jpg\"><img loading=\"lazy\" decoding=\"async\" width=\"150\" height=\"150\" src=\"https:\/\/i0.wp.com\/www.sp21sacz.edu.pl\/wp-content\/uploads\/2019\/09\/CAM03288.jpg?fit=150%2C150\" class=\"attachment-thumbnail size-thumbnail\" alt=\"\" srcset=\"https:\/\/i0.wp.com\/www.sp21sacz.edu.pl\/wp-content\/uploads\/2019\/09\/CAM03288.jpg?resize=150%2C150 150w, https:\/\/i0.wp.com\/www.sp21sacz.edu.pl\/wp-content\/uploads\/2019\/09\/CAM03288.jpg?resize=90%2C90 90w, https:\/\/i0.wp.com\/www.sp21sacz.edu.pl\/wp-content\/uploads\/2019\/09\/CAM03288.jpg?resize=75%2C75 75w, https:\/\/i0.wp.com\/www.sp21sacz.edu.pl\/wp-content\/uploads\/2019\/09\/CAM03288.jpg?zoom=2&amp;resize=150%2C150 300w, https:\/\/i0.wp.com\/www.sp21sacz.edu.pl\/wp-content\/uploads\/2019\/09\/CAM03288.jpg?zoom=3&amp;resize=150%2C150 450w\" sizes=\"auto, (max-width: 150px) 100vw, 150px\" \/><\/a>\n\t\t\t<\/dt><\/dl><dl class='gallery-item'>\n\t\t\t<dt class='gallery-icon landscape'>\n\t\t\t\t<a href=\"https:\/\/i0.wp.com\/www.sp21sacz.edu.pl\/wp-content\/uploads\/2019\/09\/CAM07392.jpg\"><img loading=\"lazy\" decoding=\"async\" width=\"150\" height=\"150\" src=\"https:\/\/i0.wp.com\/www.sp21sacz.edu.pl\/wp-content\/uploads\/2019\/09\/CAM07392.jpg?fit=150%2C150\" class=\"attachment-thumbnail size-thumbnail\" alt=\"\" srcset=\"https:\/\/i0.wp.com\/www.sp21sacz.edu.pl\/wp-content\/uploads\/2019\/09\/CAM07392.jpg?resize=150%2C150 150w, https:\/\/i0.wp.com\/www.sp21sacz.edu.pl\/wp-content\/uploads\/2019\/09\/CAM07392.jpg?resize=90%2C90 90w, https:\/\/i0.wp.com\/www.sp21sacz.edu.pl\/wp-content\/uploads\/2019\/09\/CAM07392.jpg?resize=75%2C75 75w, https:\/\/i0.wp.com\/www.sp21sacz.edu.pl\/wp-content\/uploads\/2019\/09\/CAM07392.jpg?zoom=2&amp;resize=150%2C150 300w, https:\/\/i0.wp.com\/www.sp21sacz.edu.pl\/wp-content\/uploads\/2019\/09\/CAM07392.jpg?zoom=3&amp;resize=150%2C150 450w\" sizes=\"auto, (max-width: 150px) 100vw, 150px\" \/><\/a>\n\t\t\t<\/dt><\/dl><br style=\"clear: both\" \/><dl class='gallery-item'>\n\t\t\t<dt class='gallery-icon landscape'>\n\t\t\t\t<a href=\"https:\/\/i0.wp.com\/www.sp21sacz.edu.pl\/wp-content\/uploads\/2019\/09\/CAM07399.jpg\"><img loading=\"lazy\" decoding=\"async\" width=\"150\" height=\"150\" src=\"https:\/\/i0.wp.com\/www.sp21sacz.edu.pl\/wp-content\/uploads\/2019\/09\/CAM07399.jpg?fit=150%2C150\" class=\"attachment-thumbnail size-thumbnail\" alt=\"\" srcset=\"https:\/\/i0.wp.com\/www.sp21sacz.edu.pl\/wp-content\/uploads\/2019\/09\/CAM07399.jpg?resize=150%2C150 150w, https:\/\/i0.wp.com\/www.sp21sacz.edu.pl\/wp-content\/uploads\/2019\/09\/CAM07399.jpg?resize=90%2C90 90w, https:\/\/i0.wp.com\/www.sp21sacz.edu.pl\/wp-content\/uploads\/2019\/09\/CAM07399.jpg?resize=75%2C75 75w, https:\/\/i0.wp.com\/www.sp21sacz.edu.pl\/wp-content\/uploads\/2019\/09\/CAM07399.jpg?zoom=2&amp;resize=150%2C150 300w, https:\/\/i0.wp.com\/www.sp21sacz.edu.pl\/wp-content\/uploads\/2019\/09\/CAM07399.jpg?zoom=3&amp;resize=150%2C150 450w\" sizes=\"auto, (max-width: 150px) 100vw, 150px\" \/><\/a>\n\t\t\t<\/dt><\/dl><dl class='gallery-item'>\n\t\t\t<dt class='gallery-icon landscape'>\n\t\t\t\t<a href=\"https:\/\/i0.wp.com\/www.sp21sacz.edu.pl\/wp-content\/uploads\/2019\/09\/CAM07402.jpg\"><img loading=\"lazy\" decoding=\"async\" width=\"150\" height=\"150\" src=\"https:\/\/i0.wp.com\/www.sp21sacz.edu.pl\/wp-content\/uploads\/2019\/09\/CAM07402.jpg?fit=150%2C150\" class=\"attachment-thumbnail size-thumbnail\" alt=\"\" srcset=\"https:\/\/i0.wp.com\/www.sp21sacz.edu.pl\/wp-content\/uploads\/2019\/09\/CAM07402.jpg?resize=150%2C150 150w, https:\/\/i0.wp.com\/www.sp21sacz.edu.pl\/wp-content\/uploads\/2019\/09\/CAM07402.jpg?resize=90%2C90 90w, https:\/\/i0.wp.com\/www.sp21sacz.edu.pl\/wp-content\/uploads\/2019\/09\/CAM07402.jpg?resize=75%2C75 75w, https:\/\/i0.wp.com\/www.sp21sacz.edu.pl\/wp-content\/uploads\/2019\/09\/CAM07402.jpg?zoom=2&amp;resize=150%2C150 300w, https:\/\/i0.wp.com\/www.sp21sacz.edu.pl\/wp-content\/uploads\/2019\/09\/CAM07402.jpg?zoom=3&amp;resize=150%2C150 450w\" sizes=\"auto, (max-width: 150px) 100vw, 150px\" \/><\/a>\n\t\t\t<\/dt><\/dl><dl class='gallery-item'>\n\t\t\t<dt class='gallery-icon landscape'>\n\t\t\t\t<a href=\"https:\/\/i0.wp.com\/www.sp21sacz.edu.pl\/wp-content\/uploads\/2019\/09\/CAM07404.jpg\"><img loading=\"lazy\" decoding=\"async\" width=\"150\" height=\"150\" src=\"https:\/\/i0.wp.com\/www.sp21sacz.edu.pl\/wp-content\/uploads\/2019\/09\/CAM07404.jpg?fit=150%2C150\" class=\"attachment-thumbnail size-thumbnail\" alt=\"\" srcset=\"https:\/\/i0.wp.com\/www.sp21sacz.edu.pl\/wp-content\/uploads\/2019\/09\/CAM07404.jpg?resize=150%2C150 150w, https:\/\/i0.wp.com\/www.sp21sacz.edu.pl\/wp-content\/uploads\/2019\/09\/CAM07404.jpg?resize=90%2C90 90w, https:\/\/i0.wp.com\/www.sp21sacz.edu.pl\/wp-content\/uploads\/2019\/09\/CAM07404.jpg?resize=75%2C75 75w, https:\/\/i0.wp.com\/www.sp21sacz.edu.pl\/wp-content\/uploads\/2019\/09\/CAM07404.jpg?zoom=2&amp;resize=150%2C150 300w, https:\/\/i0.wp.com\/www.sp21sacz.edu.pl\/wp-content\/uploads\/2019\/09\/CAM07404.jpg?zoom=3&amp;resize=150%2C150 450w\" sizes=\"auto, (max-width: 150px) 100vw, 150px\" \/><\/a>\n\t\t\t<\/dt><\/dl><br style=\"clear: both\" \/><dl class='gallery-item'>\n\t\t\t<dt class='gallery-icon landscape'>\n\t\t\t\t<a href=\"https:\/\/i0.wp.com\/www.sp21sacz.edu.pl\/wp-content\/uploads\/2019\/09\/IMG_20190111_110238.jpg\"><img loading=\"lazy\" decoding=\"async\" width=\"150\" height=\"150\" src=\"https:\/\/i0.wp.com\/www.sp21sacz.edu.pl\/wp-content\/uploads\/2019\/09\/IMG_20190111_110238.jpg?fit=150%2C150\" class=\"attachment-thumbnail size-thumbnail\" alt=\"\" srcset=\"https:\/\/i0.wp.com\/www.sp21sacz.edu.pl\/wp-content\/uploads\/2019\/09\/IMG_20190111_110238.jpg?resize=150%2C150 150w, https:\/\/i0.wp.com\/www.sp21sacz.edu.pl\/wp-content\/uploads\/2019\/09\/IMG_20190111_110238.jpg?resize=90%2C90 90w, https:\/\/i0.wp.com\/www.sp21sacz.edu.pl\/wp-content\/uploads\/2019\/09\/IMG_20190111_110238.jpg?resize=75%2C75 75w, https:\/\/i0.wp.com\/www.sp21sacz.edu.pl\/wp-content\/uploads\/2019\/09\/IMG_20190111_110238.jpg?zoom=2&amp;resize=150%2C150 300w, https:\/\/i0.wp.com\/www.sp21sacz.edu.pl\/wp-content\/uploads\/2019\/09\/IMG_20190111_110238.jpg?zoom=3&amp;resize=150%2C150 450w\" sizes=\"auto, (max-width: 150px) 100vw, 150px\" \/><\/a>\n\t\t\t<\/dt><\/dl><dl class='gallery-item'>\n\t\t\t<dt class='gallery-icon landscape'>\n\t\t\t\t<a href=\"https:\/\/i0.wp.com\/www.sp21sacz.edu.pl\/wp-content\/uploads\/2019\/09\/IMG_20190205_090926.jpg\"><img loading=\"lazy\" decoding=\"async\" width=\"150\" height=\"150\" src=\"https:\/\/i0.wp.com\/www.sp21sacz.edu.pl\/wp-content\/uploads\/2019\/09\/IMG_20190205_090926.jpg?fit=150%2C150\" class=\"attachment-thumbnail size-thumbnail\" alt=\"\" srcset=\"https:\/\/i0.wp.com\/www.sp21sacz.edu.pl\/wp-content\/uploads\/2019\/09\/IMG_20190205_090926.jpg?resize=150%2C150 150w, https:\/\/i0.wp.com\/www.sp21sacz.edu.pl\/wp-content\/uploads\/2019\/09\/IMG_20190205_090926.jpg?resize=90%2C90 90w, https:\/\/i0.wp.com\/www.sp21sacz.edu.pl\/wp-content\/uploads\/2019\/09\/IMG_20190205_090926.jpg?resize=75%2C75 75w, https:\/\/i0.wp.com\/www.sp21sacz.edu.pl\/wp-content\/uploads\/2019\/09\/IMG_20190205_090926.jpg?zoom=2&amp;resize=150%2C150 300w, https:\/\/i0.wp.com\/www.sp21sacz.edu.pl\/wp-content\/uploads\/2019\/09\/IMG_20190205_090926.jpg?zoom=3&amp;resize=150%2C150 450w\" sizes=\"auto, (max-width: 150px) 100vw, 150px\" \/><\/a>\n\t\t\t<\/dt><\/dl>\n\t\t\t<br style='clear: both' \/>\n\t\t<\/div>\n\n","protected":false},"excerpt":{"rendered":"<p>INTEGRACJA W NASZEJ SZKOLE \u201e&#8230; pomaganie osobom niepe\u0142nosprawnym, tak\u017ce w tym, \u017ceby sami z siebie co\u015b dali i \u017ceby wsp\u00f3\u0142pracowali, na miar\u0119 swoich mo\u017cliwo\u015bci, w tworzeniu bardziej ludzkiego \u015bwiata\u201d\u00a0 \u015awi\u0119ty Jan Pawe\u0142 II Co to jest integracja? Integracja\u00a0 jest to najpro\u015bciej zespolenie czyli wsp\u00f3lne uczenie si\u0119 i rozwijanie uczni\u00f3w o specjalnych potrzebach edukacyjnych wraz ze swoimi r\u00f3wie\u015bnikami. Integruj\u0105c spo\u0142ecznie dzieci<\/p>\n","protected":false},"author":1,"featured_media":0,"parent":0,"menu_order":0,"comment_status":"closed","ping_status":"closed","template":"","meta":{"jetpack_post_was_ever_published":false,"footnotes":""},"class_list":["post-2850","page","type-page","status-publish","hentry"],"jetpack_sharing_enabled":true,"_links":{"self":[{"href":"http:\/\/www.sp21sacz.edu.pl\/index.php\/wp-json\/wp\/v2\/pages\/2850","targetHints":{"allow":["GET"]}}],"collection":[{"href":"http:\/\/www.sp21sacz.edu.pl\/index.php\/wp-json\/wp\/v2\/pages"}],"about":[{"href":"http:\/\/www.sp21sacz.edu.pl\/index.php\/wp-json\/wp\/v2\/types\/page"}],"author":[{"embeddable":true,"href":"http:\/\/www.sp21sacz.edu.pl\/index.php\/wp-json\/wp\/v2\/users\/1"}],"replies":[{"embeddable":true,"href":"http:\/\/www.sp21sacz.edu.pl\/index.php\/wp-json\/wp\/v2\/comments?post=2850"}],"version-history":[{"count":5,"href":"http:\/\/www.sp21sacz.edu.pl\/index.php\/wp-json\/wp\/v2\/pages\/2850\/revisions"}],"predecessor-version":[{"id":20762,"href":"http:\/\/www.sp21sacz.edu.pl\/index.php\/wp-json\/wp\/v2\/pages\/2850\/revisions\/20762"}],"wp:attachment":[{"href":"http:\/\/www.sp21sacz.edu.pl\/index.php\/wp-json\/wp\/v2\/media?parent=2850"}],"curies":[{"name":"wp","href":"https:\/\/api.w.org\/{rel}","templated":true}]}}