{"id":2761,"date":"2019-02-15T20:30:27","date_gmt":"2019-02-15T19:30:27","guid":{"rendered":"http:\/\/www.sp21sacz.edu.pl\/?page_id=2761"},"modified":"2026-03-03T11:50:50","modified_gmt":"2026-03-03T10:50:50","slug":"rekrutacja-szczegoly","status":"publish","type":"page","link":"http:\/\/www.sp21sacz.edu.pl\/index.php\/dla-rodzicow\/rekrutacja-szczegoly\/","title":{"rendered":"Przedszkole &#8211; rekrutacja"},"content":{"rendered":"\n<p style=\"text-align: center;\">Dyrektor Zespo\u0142u Szkolno-Przedszkolnego nr\u00a03 w\u00a0Nowym S\u0105czu<\/p>\n<p style=\"text-align: center;\"><strong>og\u0142asza rekrutacj\u0119<\/strong><\/p>\n<p style=\"text-align: center;\"><strong>do oddzia\u0142\u00f3w przedszkolnych<\/strong><\/p>\n<p style=\"text-align: center;\"><strong>na\u00a0rok szkolny 2026\/2027<\/strong><\/p>\n\n\n\n<div class=\"wp-block-file\"><a id=\"wp-block-file--media-d577c86f-6815-447a-9531-4c800a930753\" href=\"http:\/\/www.sp21sacz.edu.pl\/wp-content\/uploads\/2026\/03\/D20240737Lj.pdf\">1. Ustawa z dnia 16 grudnia 2016- Prawo o\u015bwiatowe (Dz. U.2023 poz.900,1672,1718,2005) Rozdzia\u0142 6 art.130-131<\/a><a href=\"http:\/\/www.sp21sacz.edu.pl\/wp-content\/uploads\/2026\/03\/D20240737Lj.pdf\" class=\"wp-block-file__button wp-element-button\" download aria-describedby=\"wp-block-file--media-d577c86f-6815-447a-9531-4c800a930753\">Pobierz<\/a><\/div>\n\n\n\n<div class=\"wp-block-file\"><a id=\"wp-block-file--media-38ce1e90-5e7f-4f3c-af47-a2405cacaed8\" href=\"http:\/\/www.sp21sacz.edu.pl\/wp-content\/uploads\/2026\/03\/D20250464.pdf\">2.Rozporz\u0105dzenie Ministra Edukacji z dnia 3 kwietnia 2025 r. w sprawie przeprowadzania post\u0119powania rekrutacyjnego oraz post\u0119powania uzupe\u0142niaj\u0105cego do publicznych przedszkoli, szk\u00f3\u0142, plac\u00f3wek i centr\u00f3w (Dz. U. poz 464)<\/a><a href=\"http:\/\/www.sp21sacz.edu.pl\/wp-content\/uploads\/2026\/03\/D20250464.pdf\" class=\"wp-block-file__button wp-element-button\" download aria-describedby=\"wp-block-file--media-38ce1e90-5e7f-4f3c-af47-a2405cacaed8\">Pobierz<\/a><\/div>\n\n\n\n<div class=\"wp-block-file\"><a id=\"wp-block-file--media-26bfc2c9-53c6-487d-ac3d-cc53a23168a7\" href=\"https:\/\/www.sp21sacz.edu.pl\/wp-content\/uploads\/2026\/02\/Uchwala-nr-XII-139-2025-Rady-Miasta-Nowego-Sacza-z-dnia.pdf\">3. UCHWA\u0141Y NR XII\/139\/2025 RADY MIASTA NOWEGO S\u0104CZA Z dnia 28 stycznia 2025 roku w sprawie okre\u015blenia kryteri\u00f3w drugiego etapu post\u0119powania rekrutacyjnego do publicznych przedszkoli, oddzia\u0142\u00f3w przedszkolnych w publicznych szko\u0142ach podstawowych prowadzonych przez miasto Nowy S\u0105cz branych pod uwag\u0119 w post\u0119powaniu rekrutacyjnym okre\u015blenia liczby punkt\u00f3w za ka\u017cde z tych kryteri\u00f3w i dokument\u00f3w niezb\u0119dnych do ich potwierdzenia3. Uchwa\u0142a nr XII-139-2025 Rady Miasta Nowego S\u0105cza z dnia<\/a><a href=\"https:\/\/www.sp21sacz.edu.pl\/wp-content\/uploads\/2026\/02\/Uchwala-nr-XII-139-2025-Rady-Miasta-Nowego-Sacza-z-dnia.pdf\" class=\"wp-block-file__button wp-element-button\" download aria-describedby=\"wp-block-file--media-26bfc2c9-53c6-487d-ac3d-cc53a23168a7\">Pobierz<\/a><\/div>\n\n\n\n<div class=\"wp-block-file\"><a id=\"wp-block-file--media-ba61ada1-4f2c-476c-b3a6-233e74fb694c\" href=\"https:\/\/www.sp21sacz.edu.pl\/wp-content\/uploads\/2026\/02\/Zarzadzenie-nr-88-2026-Prezydenta-Miasta-Nowego-Sacza-z-dnia-28-stycznia-2026-r.-z-dnia-28-stycznia-2025-r.pdf\">4. Zarz\u0105dzenie Nr 88\/2026 Prezydenta Miasta Nowego S\u0105cza z dnia 26 stycznia 2026 roku w sprawie: ustalenia na rok szkolny 2026\/27 termin\u00f3w post\u0119powania rekrutacyjnego i post\u0119powania uzupe\u0142niaj\u0105cego w tym termin\u00f3w sk\u0142adania dokument\u00f3w, do publicznych przedszkoli, oddzia\u0142\u00f3w przedszkolnych w publicznych szko\u0142ach podstawowych, kt\u00f3rych organem prowadz\u0105cym jest miasto Nowy S\u0105cz.Zarz\u0105dzenie nr 88-2026 Prezydenta Miasta Nowego S\u0105cza z dnia 28 stycznia 2026 r. z dnia 28 stycznia 2025 r.<\/a><a href=\"https:\/\/www.sp21sacz.edu.pl\/wp-content\/uploads\/2026\/02\/Zarzadzenie-nr-88-2026-Prezydenta-Miasta-Nowego-Sacza-z-dnia-28-stycznia-2026-r.-z-dnia-28-stycznia-2025-r.pdf\" class=\"wp-block-file__button wp-element-button\" download aria-describedby=\"wp-block-file--media-ba61ada1-4f2c-476c-b3a6-233e74fb694c\">Pobierz<\/a><\/div>\n\n\n\n<div class=\"wp-block-file\"><a id=\"wp-block-file--media-2e4ac7cd-0f50-4b8d-a211-8d18c097ebae\" href=\"https:\/\/www.sp21sacz.edu.pl\/wp-content\/uploads\/2026\/02\/Termin-postepowania-rekrutacyjnego-i-postepowania-uzupelniajacego-do-publicznych-przedszkoli-oddzialow-przedszkolnych-na-rok-szkolny-2026-2027-2.pdf\">Termin post\u0119powania rekrutacyjnego i post\u0119powania uzupe\u0142niaj\u0105cego do publicznych przedszkoli, oddzia\u0142\u00f3w przedszkolnych na rok szkolny 2026-2027-2<\/a><a href=\"https:\/\/www.sp21sacz.edu.pl\/wp-content\/uploads\/2026\/02\/Termin-postepowania-rekrutacyjnego-i-postepowania-uzupelniajacego-do-publicznych-przedszkoli-oddzialow-przedszkolnych-na-rok-szkolny-2026-2027-2.pdf\" class=\"wp-block-file__button wp-element-button\" download aria-describedby=\"wp-block-file--media-2e4ac7cd-0f50-4b8d-a211-8d18c097ebae\">Pobierz<\/a><\/div>\n\n\n\n<figure class=\"wp-block-image size-full\"><img data-recalc-dims=\"1\" loading=\"lazy\" decoding=\"async\" width=\"825\" height=\"630\" src=\"https:\/\/i0.wp.com\/www.sp21sacz.edu.pl\/wp-content\/uploads\/2026\/03\/Zrzut-ekranu-2026-03-02-112443.png?resize=825%2C630&#038;ssl=1\" alt=\"\" class=\"wp-image-32947\" srcset=\"https:\/\/i0.wp.com\/www.sp21sacz.edu.pl\/wp-content\/uploads\/2026\/03\/Zrzut-ekranu-2026-03-02-112443.png?w=825 825w, https:\/\/i0.wp.com\/www.sp21sacz.edu.pl\/wp-content\/uploads\/2026\/03\/Zrzut-ekranu-2026-03-02-112443.png?resize=300%2C229 300w, https:\/\/i0.wp.com\/www.sp21sacz.edu.pl\/wp-content\/uploads\/2026\/03\/Zrzut-ekranu-2026-03-02-112443.png?resize=150%2C115 150w, https:\/\/i0.wp.com\/www.sp21sacz.edu.pl\/wp-content\/uploads\/2026\/03\/Zrzut-ekranu-2026-03-02-112443.png?resize=768%2C586 768w\" sizes=\"auto, (max-width: 825px) 100vw, 825px\" \/><\/figure>\n\n\n\n<p>Dokument do pobrania:<\/p>\n\n\n\n<ol class=\"wp-block-list\">\n<li>Wniosek o przyj\u0119cie dziecka do Miejskiego Przedszkola nr 6 z Oddzia\u0142ami Integracyjnymi na rok szkolny 2026\/2027<\/li>\n\n\n\n<li><a><\/a> O\u015bwiadczenia &#8211; Za\u0142\u0105cznik nr 1 i Za\u0142\u0105cznik nr 2<\/li>\n\n\n\n<li>Potwierdzenie woli przyj\u0119cia dziecka do przedszkola<\/li>\n<\/ol>\n\n\n\n<p>Dokumenty mo\u017cna pobra\u0107 ze strony <a href=\"http:\/\/www.sp21.sacz.edu.pl\/\">www.sp21.sacz.edu.pl<\/a> lub otrzyma\u0107 w sekretariacie Zespo\u0142u Szkolno-Przedszkolnego nr 3 w Nowym S\u0105czu.<\/p>\n\n\n\n<p><strong>Uzupe\u0142niony, kompletny wniosek wraz za\u0142\u0105cznikami<\/strong> ( kopia orzeczenia , prawomocnego wyroku s\u0105du oraz za\u0142\u0105czniki ) nale\u017cy z\u0142o\u017cy\u0107 w sekretariacie Zespo\u0142u Szkolno-Przedszkolnego nr 3 w Nowym S\u0105czu<\/p>\n\n\n\n<p><\/p>\n\n\n\n<div class=\"wp-block-file\"><a id=\"wp-block-file--media-04ab904e-ed3b-4228-bb95-3c21a496068c\" href=\"https:\/\/www.sp21sacz.edu.pl\/wp-content\/uploads\/2026\/03\/Wniosek-o-przyjecie-dziecka-do-przedszkola-2026-NOWE.docx\">Wniosek-o-przyjecie-dziecka-do-przedszkola-2026 NOWE<\/a><a href=\"https:\/\/www.sp21sacz.edu.pl\/wp-content\/uploads\/2026\/03\/Wniosek-o-przyjecie-dziecka-do-przedszkola-2026-NOWE.docx\" class=\"wp-block-file__button wp-element-button\" download aria-describedby=\"wp-block-file--media-04ab904e-ed3b-4228-bb95-3c21a496068c\">Pobierz<\/a><\/div>\n\n\n\n<div class=\"wp-block-file\"><a id=\"wp-block-file--media-6b02a6fd-feed-4cc6-82fa-90ae3f996ffe\" href=\"https:\/\/www.sp21sacz.edu.pl\/wp-content\/uploads\/2026\/03\/Zalacznik-nr-1-do-Wnioski.docx\">Zalacznik-nr-1-do-Wniosku<\/a><a href=\"https:\/\/www.sp21sacz.edu.pl\/wp-content\/uploads\/2026\/03\/Zalacznik-nr-1-do-Wnioski.docx\" class=\"wp-block-file__button wp-element-button\" download aria-describedby=\"wp-block-file--media-6b02a6fd-feed-4cc6-82fa-90ae3f996ffe\">Pobierz<\/a><\/div>\n\n\n\n<div class=\"wp-block-file\"><a id=\"wp-block-file--media-de9cea8c-b392-4eef-bc7a-62e18f1ec539\" href=\"https:\/\/www.sp21sacz.edu.pl\/wp-content\/uploads\/2026\/03\/Zalacznik-nr-2-do-Wniosku.docx\">Zalacznik-nr-2-do-Wniosku<\/a><a href=\"https:\/\/www.sp21sacz.edu.pl\/wp-content\/uploads\/2026\/03\/Zalacznik-nr-2-do-Wniosku.docx\" class=\"wp-block-file__button wp-element-button\" download aria-describedby=\"wp-block-file--media-de9cea8c-b392-4eef-bc7a-62e18f1ec539\">Pobierz<\/a><\/div>\n\n\n\n<div class=\"wp-block-file\"><a id=\"wp-block-file--media-95ba2728-785f-4a16-87a1-918089780ed5\" href=\"https:\/\/www.sp21sacz.edu.pl\/wp-content\/uploads\/2026\/03\/Zalacznik-nr-3-potwierdzenie-woli-przyjecia-do-oddzialow-przedszkolnych2.doc\">Zalacznik-nr-3-potwierdzenie-woli-przyjecia-do-oddzialow-przedszkolnych(2)<\/a><a href=\"https:\/\/www.sp21sacz.edu.pl\/wp-content\/uploads\/2026\/03\/Zalacznik-nr-3-potwierdzenie-woli-przyjecia-do-oddzialow-przedszkolnych2.doc\" class=\"wp-block-file__button wp-element-button\" download aria-describedby=\"wp-block-file--media-95ba2728-785f-4a16-87a1-918089780ed5\">Pobierz<\/a><\/div>\n","protected":false},"excerpt":{"rendered":"<p>Dyrektor Zespo\u0142u Szkolno-Przedszkolnego nr\u00a03 w\u00a0Nowym S\u0105czu og\u0142asza rekrutacj\u0119 do oddzia\u0142\u00f3w przedszkolnych na\u00a0rok szkolny 2026\/2027 Dokument do pobrania: Dokumenty mo\u017cna pobra\u0107 ze strony www.sp21.sacz.edu.pl lub otrzyma\u0107 w sekretariacie Zespo\u0142u Szkolno-Przedszkolnego nr 3 w Nowym S\u0105czu. Uzupe\u0142niony, kompletny wniosek wraz za\u0142\u0105cznikami ( kopia orzeczenia , prawomocnego wyroku s\u0105du oraz za\u0142\u0105czniki ) nale\u017cy z\u0142o\u017cy\u0107 w sekretariacie Zespo\u0142u Szkolno-Przedszkolnego nr 3 w Nowym S\u0105czu<\/p>\n","protected":false},"author":1,"featured_media":0,"parent":874,"menu_order":0,"comment_status":"closed","ping_status":"closed","template":"","meta":{"jetpack_post_was_ever_published":false,"footnotes":""},"class_list":["post-2761","page","type-page","status-publish","hentry"],"jetpack_sharing_enabled":true,"_links":{"self":[{"href":"http:\/\/www.sp21sacz.edu.pl\/index.php\/wp-json\/wp\/v2\/pages\/2761","targetHints":{"allow":["GET"]}}],"collection":[{"href":"http:\/\/www.sp21sacz.edu.pl\/index.php\/wp-json\/wp\/v2\/pages"}],"about":[{"href":"http:\/\/www.sp21sacz.edu.pl\/index.php\/wp-json\/wp\/v2\/types\/page"}],"author":[{"embeddable":true,"href":"http:\/\/www.sp21sacz.edu.pl\/index.php\/wp-json\/wp\/v2\/users\/1"}],"replies":[{"embeddable":true,"href":"http:\/\/www.sp21sacz.edu.pl\/index.php\/wp-json\/wp\/v2\/comments?post=2761"}],"version-history":[{"count":93,"href":"http:\/\/www.sp21sacz.edu.pl\/index.php\/wp-json\/wp\/v2\/pages\/2761\/revisions"}],"predecessor-version":[{"id":32981,"href":"http:\/\/www.sp21sacz.edu.pl\/index.php\/wp-json\/wp\/v2\/pages\/2761\/revisions\/32981"}],"up":[{"embeddable":true,"href":"http:\/\/www.sp21sacz.edu.pl\/index.php\/wp-json\/wp\/v2\/pages\/874"}],"wp:attachment":[{"href":"http:\/\/www.sp21sacz.edu.pl\/index.php\/wp-json\/wp\/v2\/media?parent=2761"}],"curies":[{"name":"wp","href":"https:\/\/api.w.org\/{rel}","templated":true}]}}