{"id":22440,"date":"2022-09-24T13:59:20","date_gmt":"2022-09-24T11:59:20","guid":{"rendered":"http:\/\/www.sp21sacz.edu.pl\/?page_id=22440"},"modified":"2025-09-03T15:04:45","modified_gmt":"2025-09-03T13:04:45","slug":"procedury-korzystania-z-odplatnych-posilkow","status":"publish","type":"page","link":"http:\/\/www.sp21sacz.edu.pl\/index.php\/procedury-korzystania-z-odplatnych-posilkow\/","title":{"rendered":"Procedury korzystania z odp\u0142atnych posi\u0142k\u00f3w"},"content":{"rendered":"\n\n\n<div class=\"wp-block-file\"><a id=\"wp-block-file--media-f4ae2a1f-72b1-4167-b847-fa9fe3a3ee8e\" href=\"https:\/\/www.sp21sacz.edu.pl\/wp-content\/uploads\/2025\/09\/procedury-korzystania-z-posilku-1.pdf\">procedury-korzystania-z-posilku-1<\/a><a href=\"https:\/\/www.sp21sacz.edu.pl\/wp-content\/uploads\/2025\/09\/procedury-korzystania-z-posilku-1.pdf\" class=\"wp-block-file__button wp-element-button\" download aria-describedby=\"wp-block-file--media-f4ae2a1f-72b1-4167-b847-fa9fe3a3ee8e\">Pobierz<\/a><\/div>\n\n\n\n<div class=\"wp-block-file\"><a id=\"wp-block-file--media-b61ebee1-936e-4d3c-b613-3e0d0ee3db3e\" href=\"https:\/\/www.sp21sacz.edu.pl\/wp-content\/uploads\/2025\/09\/Zal-nr-1-do-procedur-wydawania-posilkow-2025.pdf\">Zal-nr-1-do-procedur-wydawania-posilkow-2025<\/a><a href=\"https:\/\/www.sp21sacz.edu.pl\/wp-content\/uploads\/2025\/09\/Zal-nr-1-do-procedur-wydawania-posilkow-2025.pdf\" class=\"wp-block-file__button wp-element-button\" download aria-describedby=\"wp-block-file--media-b61ebee1-936e-4d3c-b613-3e0d0ee3db3e\">Pobierz<\/a><\/div>\n\n\n\n<div class=\"wp-block-file\"><a id=\"wp-block-file--media-3330484d-1235-4ffe-88c9-0e064520c0e0\" href=\"https:\/\/www.sp21sacz.edu.pl\/wp-content\/uploads\/2025\/09\/Zal-nr-2-do-procedur-wydawania-posilkow-1.pdf\">Zal-nr-2-do-procedur-wydawania-posilkow-1<\/a><a href=\"https:\/\/www.sp21sacz.edu.pl\/wp-content\/uploads\/2025\/09\/Zal-nr-2-do-procedur-wydawania-posilkow-1.pdf\" class=\"wp-block-file__button wp-element-button\" download aria-describedby=\"wp-block-file--media-3330484d-1235-4ffe-88c9-0e064520c0e0\">Pobierz<\/a><\/div>\n","protected":false},"excerpt":{"rendered":"","protected":false},"author":1,"featured_media":0,"parent":0,"menu_order":0,"comment_status":"closed","ping_status":"closed","template":"","meta":{"jetpack_post_was_ever_published":false,"footnotes":""},"class_list":["post-22440","page","type-page","status-publish","hentry"],"jetpack_sharing_enabled":true,"_links":{"self":[{"href":"http:\/\/www.sp21sacz.edu.pl\/index.php\/wp-json\/wp\/v2\/pages\/22440","targetHints":{"allow":["GET"]}}],"collection":[{"href":"http:\/\/www.sp21sacz.edu.pl\/index.php\/wp-json\/wp\/v2\/pages"}],"about":[{"href":"http:\/\/www.sp21sacz.edu.pl\/index.php\/wp-json\/wp\/v2\/types\/page"}],"author":[{"embeddable":true,"href":"http:\/\/www.sp21sacz.edu.pl\/index.php\/wp-json\/wp\/v2\/users\/1"}],"replies":[{"embeddable":true,"href":"http:\/\/www.sp21sacz.edu.pl\/index.php\/wp-json\/wp\/v2\/comments?post=22440"}],"version-history":[{"count":6,"href":"http:\/\/www.sp21sacz.edu.pl\/index.php\/wp-json\/wp\/v2\/pages\/22440\/revisions"}],"predecessor-version":[{"id":31332,"href":"http:\/\/www.sp21sacz.edu.pl\/index.php\/wp-json\/wp\/v2\/pages\/22440\/revisions\/31332"}],"wp:attachment":[{"href":"http:\/\/www.sp21sacz.edu.pl\/index.php\/wp-json\/wp\/v2\/media?parent=22440"}],"curies":[{"name":"wp","href":"https:\/\/api.w.org\/{rel}","templated":true}]}}